{"id":21,"date":"2025-08-14T15:03:48","date_gmt":"2025-08-14T15:03:48","guid":{"rendered":"https:\/\/pingwoo.fr\/temoignages\/"},"modified":"2025-10-24T03:03:53","modified_gmt":"2025-10-24T03:03:53","slug":"temoignages","status":"publish","type":"page","link":"https:\/\/pingwoo.fr\/en\/temoignages\/","title":{"rendered":"PINGWOO lovers"},"content":{"rendered":"<div class=\"wp-block-group alignfull has-background-background-color has-background has-global-padding is-layout-constrained wp-container-core-group-is-layout-7276a2bb wp-block-group-is-layout-constrained\" id=\"temoignages\" style=\"margin-top:0;margin-bottom:0;padding-top:var(--wp--preset--spacing--60);padding-right:var(--wp--preset--spacing--30);padding-bottom:var(--wp--preset--spacing--60);padding-left:var(--wp--preset--spacing--30)\">\n<div class=\"wp-block-group alignwide is-vertical is-layout-flex wp-container-core-group-is-layout-fe9cc265 wp-block-group-is-layout-flex\">\n<div class=\"wp-block-group has-global-padding is-layout-constrained wp-block-group-is-layout-constrained\">\n<h2 class=\"wp-block-heading has-large-font-size\">Des matins gourmands qui \u00e9veillent vos papilles<\/h2>\n\n\n\n<p style=\"margin-top:16px\">D\u00e9couvrez les photos enthousiastes par l\u2019exp\u00e9rience unique de Pingwoo et notre 3D latte art.<\/p>\n<\/div>\n<\/div>\n\n\n\n<div class=\"wp-block-columns alignwide is-layout-flex wp-container-core-columns-is-layout-28f84493 wp-block-columns-is-layout-flex\">\n<div class=\"wp-block-column has-tertiary-background-color has-background is-layout-flow wp-block-column-is-layout-flow\">\n<figure class=\"wp-block-gallery has-nested-images columns-default is-cropped wp-block-gallery-1 is-layout-flex wp-block-gallery-is-layout-flex\">\n<figure class=\"wp-block-image size-large\"><img loading=\"lazy\" decoding=\"async\" width=\"768\" height=\"1024\" data-id=\"78\" src=\"https:\/\/pingwoo.fr\/wp-content\/uploads\/2025\/08\/IMG-20241126-WA0016-768x1024.jpg\" alt=\"\" class=\"wp-image-78\" srcset=\"https:\/\/pingwoo.fr\/wp-content\/uploads\/2025\/08\/IMG-20241126-WA0016-768x1024.jpg 768w, https:\/\/pingwoo.fr\/wp-content\/uploads\/2025\/08\/IMG-20241126-WA0016-225x300.jpg 225w, https:\/\/pingwoo.fr\/wp-content\/uploads\/2025\/08\/IMG-20241126-WA0016-1152x1536.jpg 1152w, https:\/\/pingwoo.fr\/wp-content\/uploads\/2025\/08\/IMG-20241126-WA0016.jpg 1536w\" sizes=\"auto, (max-width: 768px) 100vw, 768px\" \/><\/figure>\n<\/figure>\n<\/div>\n<\/div>\n<\/div>\n\n\n\n<div class=\"wp-block-group alignfull has-tertiary-background-color has-background has-global-padding is-layout-constrained wp-container-core-group-is-layout-7276a2bb wp-block-group-is-layout-constrained\" id=\"galerie\" style=\"margin-top:0;margin-bottom:0;padding-top:var(--wp--preset--spacing--60);padding-right:var(--wp--preset--spacing--30);padding-bottom:var(--wp--preset--spacing--60);padding-left:var(--wp--preset--spacing--30)\">\n<div class=\"wp-block-group alignwide is-vertical is-layout-flex wp-container-core-group-is-layout-fe9cc265 wp-block-group-is-layout-flex\">\n<div class=\"wp-block-group alignwide has-global-padding is-content-justification-left is-layout-constrained wp-container-core-group-is-layout-8b4c372c wp-block-group-is-layout-constrained\">\n<h2 class=\"wp-block-heading has-large-font-size\">Des boissons uniques, sublim\u00e9es par notre latte art 3D<\/h2>\n\n\n\n<p style=\"margin-top:16px\">D\u00e9couvrez les t\u00e9moignages authentiques de nos clients s\u00e9duits par nos cr\u00e9ations et notre ambiance chaleureuse.<\/p>\n<\/div>\n<\/div>\n\n\n\n<div class=\"wp-block-columns alignwide is-layout-flex wp-container-core-columns-is-layout-28f84493 wp-block-columns-is-layout-flex\">\n<div class=\"wp-block-column is-layout-flow wp-block-column-is-layout-flow\" style=\"flex-basis:50%\">\n<div class=\"wp-block-cover is-light\" style=\"min-height:100%;aspect-ratio:unset;\"><img loading=\"lazy\" decoding=\"async\" width=\"682\" height=\"1024\" class=\"wp-block-cover__image-background wp-image-105 size-large\" alt=\"\" src=\"https:\/\/pingwoo.fr\/wp-content\/uploads\/2025\/08\/IMG-20220807-WA0001-682x1024.jpg\" data-object-fit=\"cover\" srcset=\"https:\/\/pingwoo.fr\/wp-content\/uploads\/2025\/08\/IMG-20220807-WA0001-682x1024.jpg 682w, https:\/\/pingwoo.fr\/wp-content\/uploads\/2025\/08\/IMG-20220807-WA0001-200x300.jpg 200w, https:\/\/pingwoo.fr\/wp-content\/uploads\/2025\/08\/IMG-20220807-WA0001-768x1153.jpg 768w, https:\/\/pingwoo.fr\/wp-content\/uploads\/2025\/08\/IMG-20220807-WA0001-1023x1536.jpg 1023w, https:\/\/pingwoo.fr\/wp-content\/uploads\/2025\/08\/IMG-20220807-WA0001.jpg 1066w\" sizes=\"auto, (max-width: 682px) 100vw, 682px\" \/><span aria-hidden=\"true\" class=\"wp-block-cover__background has-background-dim-0 has-background-dim\" style=\"background-color:#a8877c\"><\/span><div class=\"wp-block-cover__inner-container is-layout-flow wp-block-cover-is-layout-flow\">\n<div style=\"height:380px\" aria-hidden=\"true\" class=\"wp-block-spacer\"><\/div>\n<\/div><\/div>\n<\/div>\n\n\n\n<div class=\"wp-block-column is-layout-flow wp-container-core-column-is-layout-f5bb311e wp-block-column-is-layout-flow\">\n<figure class=\"wp-block-image size-large ext-aspect-landscape\"><img loading=\"lazy\" decoding=\"async\" width=\"1024\" height=\"682\" src=\"https:\/\/pingwoo.fr\/wp-content\/uploads\/2025\/08\/IMG-20211215-WA0021-1024x682.jpg\" alt=\"\" class=\"wp-image-96\" style=\"aspect-ratio:1;object-fit:cover\" srcset=\"https:\/\/pingwoo.fr\/wp-content\/uploads\/2025\/08\/IMG-20211215-WA0021-1024x682.jpg 1024w, https:\/\/pingwoo.fr\/wp-content\/uploads\/2025\/08\/IMG-20211215-WA0021-300x200.jpg 300w, https:\/\/pingwoo.fr\/wp-content\/uploads\/2025\/08\/IMG-20211215-WA0021-768x512.jpg 768w, https:\/\/pingwoo.fr\/wp-content\/uploads\/2025\/08\/IMG-20211215-WA0021-1536x1023.jpg 1536w, https:\/\/pingwoo.fr\/wp-content\/uploads\/2025\/08\/IMG-20211215-WA0021.jpg 1600w\" sizes=\"auto, (max-width: 1024px) 100vw, 1024px\" \/><\/figure>\n\n\n\n<figure class=\"wp-block-image size-large ext-aspect-landscape\"><img loading=\"lazy\" decoding=\"async\" width=\"769\" height=\"1024\" src=\"https:\/\/pingwoo.fr\/wp-content\/uploads\/2025\/08\/PXL_20240623_084538904-769x1024.jpg\" alt=\"\" class=\"wp-image-65\" style=\"aspect-ratio:1;object-fit:cover\" srcset=\"https:\/\/pingwoo.fr\/wp-content\/uploads\/2025\/08\/PXL_20240623_084538904-769x1024.jpg 769w, https:\/\/pingwoo.fr\/wp-content\/uploads\/2025\/08\/PXL_20240623_084538904-225x300.jpg 225w, https:\/\/pingwoo.fr\/wp-content\/uploads\/2025\/08\/PXL_20240623_084538904-768x1023.jpg 768w, https:\/\/pingwoo.fr\/wp-content\/uploads\/2025\/08\/PXL_20240623_084538904-1153x1536.jpg 1153w, https:\/\/pingwoo.fr\/wp-content\/uploads\/2025\/08\/PXL_20240623_084538904-1538x2048.jpg 1538w, https:\/\/pingwoo.fr\/wp-content\/uploads\/2025\/08\/PXL_20240623_084538904-scaled.jpg 1922w\" sizes=\"auto, (max-width: 769px) 100vw, 769px\" \/><\/figure>\n<\/div>\n\n\n\n<div class=\"wp-block-column is-layout-flow wp-container-core-column-is-layout-f5bb311e wp-block-column-is-layout-flow\">\n<figure class=\"wp-block-image size-large ext-aspect-landscape\"><img loading=\"lazy\" decoding=\"async\" width=\"683\" height=\"1024\" src=\"https:\/\/pingwoo.fr\/wp-content\/uploads\/2025\/08\/DSCF6094_1-683x1024.jpg\" alt=\"\" class=\"wp-image-38\" style=\"aspect-ratio:1;object-fit:cover\" srcset=\"https:\/\/pingwoo.fr\/wp-content\/uploads\/2025\/08\/DSCF6094_1-683x1024.jpg 683w, https:\/\/pingwoo.fr\/wp-content\/uploads\/2025\/08\/DSCF6094_1-200x300.jpg 200w, https:\/\/pingwoo.fr\/wp-content\/uploads\/2025\/08\/DSCF6094_1-768x1152.jpg 768w, https:\/\/pingwoo.fr\/wp-content\/uploads\/2025\/08\/DSCF6094_1-1024x1536.jpg 1024w, https:\/\/pingwoo.fr\/wp-content\/uploads\/2025\/08\/DSCF6094_1-1365x2048.jpg 1365w, https:\/\/pingwoo.fr\/wp-content\/uploads\/2025\/08\/DSCF6094_1-scaled.jpg 1707w\" sizes=\"auto, (max-width: 683px) 100vw, 683px\" \/><\/figure>\n\n\n\n<figure class=\"wp-block-image size-large ext-aspect-landscape\"><img loading=\"lazy\" decoding=\"async\" width=\"1024\" height=\"682\" src=\"https:\/\/pingwoo.fr\/wp-content\/uploads\/2025\/08\/IMG_20220807_201820-1024x682.jpg\" alt=\"\" class=\"wp-image-69\" style=\"aspect-ratio:1;object-fit:cover\" srcset=\"https:\/\/pingwoo.fr\/wp-content\/uploads\/2025\/08\/IMG_20220807_201820-1024x682.jpg 1024w, https:\/\/pingwoo.fr\/wp-content\/uploads\/2025\/08\/IMG_20220807_201820-300x200.jpg 300w, https:\/\/pingwoo.fr\/wp-content\/uploads\/2025\/08\/IMG_20220807_201820-768x512.jpg 768w, https:\/\/pingwoo.fr\/wp-content\/uploads\/2025\/08\/IMG_20220807_201820-1536x1023.jpg 1536w, https:\/\/pingwoo.fr\/wp-content\/uploads\/2025\/08\/IMG_20220807_201820.jpg 1600w\" sizes=\"auto, (max-width: 1024px) 100vw, 1024px\" \/><\/figure>\n<\/div>\n<\/div>\n<\/div>\n\n\n\n<div class=\"wp-block-group alignfull has-background-background-color has-background has-global-padding is-layout-constrained wp-container-core-group-is-layout-9b19db8b wp-block-group-is-layout-constrained\" style=\"margin-top:0;margin-bottom:0;padding-top:var(--wp--preset--spacing--60);padding-right:var(--wp--preset--spacing--30);padding-bottom:var(--wp--preset--spacing--60);padding-left:var(--wp--preset--spacing--30)\">\n<div class=\"wp-block-media-text alignwide has-media-on-the-right is-stacked-on-mobile is-vertically-aligned-center is-image-fill-element\" style=\"padding-right:0;padding-left:0;grid-template-columns:auto 41%\"><div class=\"wp-block-media-text__content\">\n<div class=\"wp-block-group has-global-padding is-content-justification-left is-layout-constrained wp-container-core-group-is-layout-cdff7eec wp-block-group-is-layout-constrained\" style=\"padding-top:var(--wp--preset--spacing--30);padding-right:0;padding-bottom:var(--wp--preset--spacing--30);padding-left:0\">\n<h2 class=\"wp-block-heading has-large-font-size\">Ils parlent de nous<\/h2>\n\n\n\n<p style=\"margin-top:16px\">D\u00e9couvrez pourquoi Pingwoo est l&rsquo;adresse incontournable pour vos pauses gourmandes et cr\u00e9atives.<\/p>\n\n\n\n<ul style=\"line-height:2\" class=\"wp-block-list has-small-font-size\">\n<li>Brunchs savoureux et vari\u00e9s<\/li>\n\n\n\n<li>Caf\u00e9s de sp\u00e9cialit\u00e9 authentiques<\/li>\n\n\n\n<li>Options halal et v\u00e9g\u00e9tariennes<\/li>\n\n\n\n<li>Ambiance conviviale au foodmarket<\/li>\n\n\n\n<li>Latte art 3D personnalis\u00e9<\/li>\n<\/ul>\n\n\n\n<div class=\"wp-block-buttons is-layout-flex wp-container-core-buttons-is-layout-12dcd427 wp-block-buttons-is-layout-flex\" style=\"margin-top:var(--wp--preset--spacing--40)\">\n<div class=\"wp-block-button\"><a class=\"wp-block-button__link wp-element-button\" href=\"https:\/\/www.sortiraparis.com\/hotel-restaurant\/cafe-tea-time\/articles\/307762-pingwoo-l-adresse-cosy-specialiste-en-brunchs-s-installe-a-boomboom-villette\">Sortir \u00e0 paris<\/a><\/div>\n\n\n\n<div class=\"wp-block-button\"><a class=\"wp-block-button__link wp-element-button\" href=\"https:\/\/parisatoutprix.fr\/pingwoo-le-brunch-3d\/\">Paris \u00e0 Tout Prix<\/a><\/div>\n\n\n\n<div class=\"wp-block-button\"><a class=\"wp-block-button__link wp-element-button\" href=\"https:\/\/www.facebook.com\/france3paris\/videos\/panamebonsoir-%C3%A0-touschez-pingwoo-on-pratique-le-3d-latte-art-les-baristas-y-scul\/5742079359227253\/\">Paname France 3<\/a><\/div>\n\n\n\n<div class=\"wp-block-button\"><a class=\"wp-block-button__link wp-element-button\" href=\"http:\/\/https%3A%2F%2Fparissecret.com%2Fcafe-plus-mignon-paris\">Paris secret<\/a><\/div>\n\n\n\n<div class=\"wp-block-button\"><a class=\"wp-block-button__link wp-element-button\" href=\"https:\/\/edgard-lelegant.com\/avis-pingwoo-brunch-cafe-paris-19eme\/\">Edgard l&rsquo;\u00e9l\u00e9gant<\/a><\/div>\n<\/div>\n<\/div>\n<\/div><figure class=\"wp-block-media-text__media\"><img loading=\"lazy\" decoding=\"async\" width=\"1024\" height=\"526\" src=\"https:\/\/pingwoo.fr\/wp-content\/uploads\/2025\/08\/pingwoo-paname-france-3-1024x526.jpg\" alt=\"\" class=\"wp-image-257 size-full\" style=\"object-position:50% 50%\" srcset=\"https:\/\/pingwoo.fr\/wp-content\/uploads\/2025\/08\/pingwoo-paname-france-3-1024x526.jpg 1024w, https:\/\/pingwoo.fr\/wp-content\/uploads\/2025\/08\/pingwoo-paname-france-3-300x154.jpg 300w, https:\/\/pingwoo.fr\/wp-content\/uploads\/2025\/08\/pingwoo-paname-france-3-768x394.jpg 768w, https:\/\/pingwoo.fr\/wp-content\/uploads\/2025\/08\/pingwoo-paname-france-3-18x9.jpg 18w, https:\/\/pingwoo.fr\/wp-content\/uploads\/2025\/08\/pingwoo-paname-france-3.jpg 1385w\" sizes=\"auto, (max-width: 1024px) 100vw, 1024px\" \/><\/figure><\/div>\n<\/div>","protected":false},"excerpt":{"rendered":"<p>Des matins gourmands qui \u00e9veillent vos papilles D\u00e9couvrez les photos enthousiastes par l\u2019exp\u00e9rience unique de Pingwoo et notre 3D latte art. Des boissons uniques, sublim\u00e9es par notre latte art 3D D\u00e9couvrez les t\u00e9moignages authentiques de nos clients s\u00e9duits par nos cr\u00e9ations et notre ambiance chaleureuse. Ils parlent de nous D\u00e9couvrez pourquoi Pingwoo est l&rsquo;adresse incontournable [&hellip;]<\/p>\n","protected":false},"author":1,"featured_media":0,"parent":0,"menu_order":0,"comment_status":"closed","ping_status":"closed","template":"page-with-title","meta":{"footnotes":""},"class_list":["post-21","page","type-page","status-publish","hentry"],"_links":{"self":[{"href":"https:\/\/pingwoo.fr\/en\/wp-json\/wp\/v2\/pages\/21","targetHints":{"allow":["GET"]}}],"collection":[{"href":"https:\/\/pingwoo.fr\/en\/wp-json\/wp\/v2\/pages"}],"about":[{"href":"https:\/\/pingwoo.fr\/en\/wp-json\/wp\/v2\/types\/page"}],"author":[{"embeddable":true,"href":"https:\/\/pingwoo.fr\/en\/wp-json\/wp\/v2\/users\/1"}],"replies":[{"embeddable":true,"href":"https:\/\/pingwoo.fr\/en\/wp-json\/wp\/v2\/comments?post=21"}],"version-history":[{"count":16,"href":"https:\/\/pingwoo.fr\/en\/wp-json\/wp\/v2\/pages\/21\/revisions"}],"predecessor-version":[{"id":269,"href":"https:\/\/pingwoo.fr\/en\/wp-json\/wp\/v2\/pages\/21\/revisions\/269"}],"wp:attachment":[{"href":"https:\/\/pingwoo.fr\/en\/wp-json\/wp\/v2\/media?parent=21"}],"curies":[{"name":"wp","href":"https:\/\/api.w.org\/{rel}","templated":true}]}}