{"id":20,"date":"2025-08-14T15:03:48","date_gmt":"2025-08-14T15:03:48","guid":{"rendered":"https:\/\/pingwoo.fr\/equipe\/"},"modified":"2025-10-24T03:03:53","modified_gmt":"2025-10-24T03:03:53","slug":"equipe","status":"publish","type":"page","link":"https:\/\/pingwoo.fr\/en\/equipe\/","title":{"rendered":"Partnership"},"content":{"rendered":"<div class=\"wp-block-group alignfull has-background-background-color has-background has-global-padding is-layout-constrained wp-container-core-group-is-layout-7276a2bb wp-block-group-is-layout-constrained\" id=\"equipe\" style=\"margin-top:0;margin-bottom:0;padding-top:var(--wp--preset--spacing--60);padding-right:var(--wp--preset--spacing--30);padding-bottom:var(--wp--preset--spacing--60);padding-left:var(--wp--preset--spacing--30)\">\n<div class=\"wp-block-group alignwide has-global-padding is-content-justification-center is-layout-constrained wp-block-group-is-layout-constrained\">\n<h2 class=\"wp-block-heading has-text-align-center has-large-font-size\">OUR PARTNERSHIPS<\/h2>\n<\/div>\n\n\n\n<div class=\"wp-block-columns alignwide is-layout-flex wp-container-core-columns-is-layout-d0846407 wp-block-columns-is-layout-flex\">\n<div class=\"wp-block-column is-layout-flow wp-block-column-is-layout-flow\">\n<figure class=\"wp-block-image aligncenter size-large is-style-rounded\"><img loading=\"lazy\" decoding=\"async\" width=\"1024\" height=\"506\" src=\"https:\/\/pingwoo.fr\/wp-content\/uploads\/2025\/08\/1000027700-1-1024x506.png\" alt=\"\" class=\"wp-image-161\" style=\"aspect-ratio:1;object-fit:cover\" srcset=\"https:\/\/pingwoo.fr\/wp-content\/uploads\/2025\/08\/1000027700-1-1024x506.png 1024w, https:\/\/pingwoo.fr\/wp-content\/uploads\/2025\/08\/1000027700-1-300x148.png 300w, https:\/\/pingwoo.fr\/wp-content\/uploads\/2025\/08\/1000027700-1-768x380.png 768w, https:\/\/pingwoo.fr\/wp-content\/uploads\/2025\/08\/1000027700-1.png 1080w\" sizes=\"auto, (max-width: 1024px) 100vw, 1024px\" \/><\/figure>\n\n\n\n<h4 class=\"wp-block-heading has-text-align-center\" style=\"margin-top:20px;font-size:clamp(14px, 0.875rem + ((1vw - 3.2px) * 0.417), 18px);\">Paris Caf\u00e9 festival<\/h4>\n\n\n\n<p class=\"has-text-align-center has-primary-color has-text-color has-small-font-size\" style=\"margin-top:4px\">The must-be at the coffee show. We'll be at 2023 to 2025<\/p>\n<\/div>\n\n\n\n<div class=\"wp-block-column is-layout-flow wp-block-column-is-layout-flow\">\n<figure class=\"wp-block-image aligncenter size-large is-style-rounded\"><img loading=\"lazy\" decoding=\"async\" width=\"769\" height=\"1024\" src=\"https:\/\/pingwoo.fr\/wp-content\/uploads\/2025\/08\/PXL_20250413_143620580-769x1024.jpg\" alt=\"\" class=\"wp-image-147\" style=\"aspect-ratio:1;object-fit:cover\" srcset=\"https:\/\/pingwoo.fr\/wp-content\/uploads\/2025\/08\/PXL_20250413_143620580-769x1024.jpg 769w, https:\/\/pingwoo.fr\/wp-content\/uploads\/2025\/08\/PXL_20250413_143620580-225x300.jpg 225w, https:\/\/pingwoo.fr\/wp-content\/uploads\/2025\/08\/PXL_20250413_143620580-768x1023.jpg 768w, https:\/\/pingwoo.fr\/wp-content\/uploads\/2025\/08\/PXL_20250413_143620580-1153x1536.jpg 1153w, https:\/\/pingwoo.fr\/wp-content\/uploads\/2025\/08\/PXL_20250413_143620580-1538x2048.jpg 1538w, https:\/\/pingwoo.fr\/wp-content\/uploads\/2025\/08\/PXL_20250413_143620580-scaled.jpg 1922w\" sizes=\"auto, (max-width: 769px) 100vw, 769px\" \/><\/figure>\n\n\n\n<h4 class=\"wp-block-heading has-text-align-center\" style=\"margin-top:20px;font-size:clamp(14px, 0.875rem + ((1vw - 3.2px) * 0.417), 18px);\">ALPRO Family<\/h4>\n\n\n\n<p class=\"has-text-align-center has-primary-color has-text-color has-small-font-size\" style=\"margin-top:4px\">Partner of Danone's ALPRO plant milks. A caring and attentive team that helps us to work together on various events and collaborations.<\/p>\n<\/div>\n\n\n\n<div class=\"wp-block-column is-layout-flow wp-block-column-is-layout-flow\">\n<figure class=\"wp-block-image aligncenter size-full is-style-rounded\"><img loading=\"lazy\" decoding=\"async\" width=\"967\" height=\"625\" src=\"https:\/\/pingwoo.fr\/wp-content\/uploads\/2025\/08\/1000035350.png\" alt=\"\" class=\"wp-image-165\" style=\"aspect-ratio:1;object-fit:cover\" srcset=\"https:\/\/pingwoo.fr\/wp-content\/uploads\/2025\/08\/1000035350.png 967w, https:\/\/pingwoo.fr\/wp-content\/uploads\/2025\/08\/1000035350-300x194.png 300w, https:\/\/pingwoo.fr\/wp-content\/uploads\/2025\/08\/1000035350-768x496.png 768w\" sizes=\"auto, (max-width: 967px) 100vw, 967px\" \/><\/figure>\n\n\n\n<h4 class=\"wp-block-heading has-text-align-center\" style=\"margin-top:20px;font-size:clamp(14px, 0.875rem + ((1vw - 3.2px) * 0.417), 18px);\">SHUFFLE Family<\/h4>\n\n\n\n<p class=\"has-text-align-center has-primary-color has-text-color has-small-font-size\" style=\"margin-top:4px\">Sullivans Group with a unique game-bar concept... corporate and birthday parties follow on from one another with us. <\/p>\n<\/div>\n\n\n\n<div class=\"wp-block-column is-layout-flow wp-block-column-is-layout-flow\">\n<figure class=\"wp-block-image aligncenter size-large is-style-rounded\"><img loading=\"lazy\" decoding=\"async\" width=\"769\" height=\"1024\" src=\"https:\/\/pingwoo.fr\/wp-content\/uploads\/2025\/08\/PXL_20250401_161405017-1-769x1024.jpg\" alt=\"\" class=\"wp-image-150\" style=\"aspect-ratio:1;object-fit:cover\" srcset=\"https:\/\/pingwoo.fr\/wp-content\/uploads\/2025\/08\/PXL_20250401_161405017-1-769x1024.jpg 769w, https:\/\/pingwoo.fr\/wp-content\/uploads\/2025\/08\/PXL_20250401_161405017-1-225x300.jpg 225w, https:\/\/pingwoo.fr\/wp-content\/uploads\/2025\/08\/PXL_20250401_161405017-1-768x1023.jpg 768w, https:\/\/pingwoo.fr\/wp-content\/uploads\/2025\/08\/PXL_20250401_161405017-1-1153x1536.jpg 1153w, https:\/\/pingwoo.fr\/wp-content\/uploads\/2025\/08\/PXL_20250401_161405017-1-1538x2048.jpg 1538w, https:\/\/pingwoo.fr\/wp-content\/uploads\/2025\/08\/PXL_20250401_161405017-1-scaled.jpg 1922w\" sizes=\"auto, (max-width: 769px) 100vw, 769px\" \/><\/figure>\n\n\n\n<h4 class=\"wp-block-heading has-text-align-center\" style=\"margin-top:20px;font-size:clamp(14px, 0.875rem + ((1vw - 3.2px) * 0.417), 18px);\">BOOM BOOM VILETTE <\/h4>\n\n\n\n<p class=\"has-text-align-center has-primary-color has-text-color has-small-font-size\" style=\"margin-top:4px\">BOOM BOOM VILETTE group APSYS management award to village chief<\/p>\n<\/div>\n<\/div>\n\n\n\n<div class=\"wp-block-columns alignwide is-layout-flex wp-container-core-columns-is-layout-d0846407 wp-block-columns-is-layout-flex\">\n<div class=\"wp-block-column is-layout-flow wp-block-column-is-layout-flow\">\n<figure class=\"wp-block-image aligncenter size-large is-style-rounded\"><img loading=\"lazy\" decoding=\"async\" width=\"1024\" height=\"762\" src=\"https:\/\/pingwoo.fr\/wp-content\/uploads\/2025\/08\/PXL_20250412_073352905-1024x762.jpg\" alt=\"\" class=\"wp-image-146\" style=\"aspect-ratio:1;object-fit:cover\" srcset=\"https:\/\/pingwoo.fr\/wp-content\/uploads\/2025\/08\/PXL_20250412_073352905-1024x762.jpg 1024w, https:\/\/pingwoo.fr\/wp-content\/uploads\/2025\/08\/PXL_20250412_073352905-300x223.jpg 300w, https:\/\/pingwoo.fr\/wp-content\/uploads\/2025\/08\/PXL_20250412_073352905-768x571.jpg 768w, https:\/\/pingwoo.fr\/wp-content\/uploads\/2025\/08\/PXL_20250412_073352905-1536x1143.jpg 1536w, https:\/\/pingwoo.fr\/wp-content\/uploads\/2025\/08\/PXL_20250412_073352905-2048x1523.jpg 2048w\" sizes=\"auto, (max-width: 1024px) 100vw, 1024px\" \/><\/figure>\n\n\n\n<h4 class=\"wp-block-heading has-text-align-center\" style=\"margin-top:20px;font-size:clamp(14px, 0.875rem + ((1vw - 3.2px) * 0.417), 18px);\">AMAZON KINDLE<\/h4>\n\n\n\n<p class=\"has-text-align-center has-primary-color has-text-color has-small-font-size\" style=\"margin-top:4px\">Accompanied by the Julie joie agency, a specialist in events. We were present at the Salon du Livre at the Grand Palais and provided other services for kindle. <\/p>\n<\/div>\n\n\n\n<div class=\"wp-block-column is-layout-flow wp-block-column-is-layout-flow\">\n<figure class=\"wp-block-image aligncenter size-large is-style-rounded\"><img loading=\"lazy\" decoding=\"async\" width=\"648\" height=\"1024\" src=\"https:\/\/pingwoo.fr\/wp-content\/uploads\/2025\/08\/1000028698-1-648x1024.png\" alt=\"\" class=\"wp-image-159\" style=\"aspect-ratio:1;object-fit:cover\" srcset=\"https:\/\/pingwoo.fr\/wp-content\/uploads\/2025\/08\/1000028698-1-648x1024.png 648w, https:\/\/pingwoo.fr\/wp-content\/uploads\/2025\/08\/1000028698-1-190x300.png 190w, https:\/\/pingwoo.fr\/wp-content\/uploads\/2025\/08\/1000028698-1-768x1213.png 768w, https:\/\/pingwoo.fr\/wp-content\/uploads\/2025\/08\/1000028698-1-972x1536.png 972w, https:\/\/pingwoo.fr\/wp-content\/uploads\/2025\/08\/1000028698-1.png 1080w\" sizes=\"auto, (max-width: 648px) 100vw, 648px\" \/><\/figure>\n\n\n\n<h4 class=\"wp-block-heading has-text-align-center\" style=\"margin-top:20px;font-size:clamp(14px, 0.875rem + ((1vw - 3.2px) * 0.417), 18px);\">Matcha House<\/h4>\n\n\n\n<p class=\"has-text-align-center has-primary-color has-text-color has-small-font-size\" style=\"margin-top:4px\">Specialist in La HYPE. Healthy, fashionable, art de vivre. He's the best matcha in the world, and we're accompanying him to a range of high-end events.<\/p>\n<\/div>\n\n\n\n<div class=\"wp-block-column is-layout-flow wp-block-column-is-layout-flow\">\n<figure class=\"wp-block-image aligncenter size-large is-style-rounded\"><img loading=\"lazy\" decoding=\"async\" width=\"833\" height=\"1024\" src=\"https:\/\/pingwoo.fr\/wp-content\/uploads\/2025\/08\/Screenshot_20250814-193317-833x1024.png\" alt=\"\" class=\"wp-image-175\" style=\"aspect-ratio:1;object-fit:cover\" srcset=\"https:\/\/pingwoo.fr\/wp-content\/uploads\/2025\/08\/Screenshot_20250814-193317-833x1024.png 833w, https:\/\/pingwoo.fr\/wp-content\/uploads\/2025\/08\/Screenshot_20250814-193317-244x300.png 244w, https:\/\/pingwoo.fr\/wp-content\/uploads\/2025\/08\/Screenshot_20250814-193317-768x944.png 768w, https:\/\/pingwoo.fr\/wp-content\/uploads\/2025\/08\/Screenshot_20250814-193317.png 1080w\" sizes=\"auto, (max-width: 833px) 100vw, 833px\" \/><\/figure>\n\n\n\n<h4 class=\"wp-block-heading has-text-align-center\" style=\"margin-top:20px;font-size:clamp(14px, 0.875rem + ((1vw - 3.2px) * 0.417), 18px);\">Kphenomen Agency<\/h4>\n\n\n\n<p class=\"has-text-align-center has-primary-color has-text-color has-small-font-size\" style=\"margin-top:4px\">The first agency dedicated to Korean and Asian culture around corporate services. Ugona's talent enables us to work with some very large companies<\/p>\n<\/div>\n\n\n\n<div class=\"wp-block-column is-layout-flow wp-block-column-is-layout-flow\">\n<figure class=\"wp-block-image aligncenter size-large is-style-rounded\"><img loading=\"lazy\" decoding=\"async\" width=\"1024\" height=\"768\" src=\"https:\/\/pingwoo.fr\/wp-content\/uploads\/2025\/08\/IMG-20241010-WA0006-1024x768.jpg\" alt=\"\" class=\"wp-image-154\" style=\"aspect-ratio:1;object-fit:cover\" srcset=\"https:\/\/pingwoo.fr\/wp-content\/uploads\/2025\/08\/IMG-20241010-WA0006-1024x768.jpg 1024w, https:\/\/pingwoo.fr\/wp-content\/uploads\/2025\/08\/IMG-20241010-WA0006-300x225.jpg 300w, https:\/\/pingwoo.fr\/wp-content\/uploads\/2025\/08\/IMG-20241010-WA0006-768x576.jpg 768w, https:\/\/pingwoo.fr\/wp-content\/uploads\/2025\/08\/IMG-20241010-WA0006-1536x1152.jpg 1536w, https:\/\/pingwoo.fr\/wp-content\/uploads\/2025\/08\/IMG-20241010-WA0006.jpg 2048w\" sizes=\"auto, (max-width: 1024px) 100vw, 1024px\" \/><\/figure>\n\n\n\n<h4 class=\"wp-block-heading has-text-align-center\" style=\"margin-top:20px;font-size:clamp(14px, 0.875rem + ((1vw - 3.2px) * 0.417), 18px);\">VISA OLYMPIC GAMES 2024<\/h4>\n\n\n\n<p class=\"has-text-align-center has-primary-color has-text-color has-small-font-size\" style=\"margin-top:4px\">Sponsors of both the Olympic Games and PINGWOO. Conference at BPI 2024 to discuss the extent of VISA merchant benefits<\/p>\n<\/div>\n<\/div>\n<\/div>\n\n\n\n<div class=\"wp-block-group alignfull has-tertiary-background-color has-background has-global-padding is-layout-constrained wp-container-core-group-is-layout-fb85e995 wp-block-group-is-layout-constrained\" id=\"a-propos\" style=\"margin-top:0;margin-bottom:0;padding-top:var(--wp--preset--spacing--60);padding-right:var(--wp--preset--spacing--30);padding-bottom:var(--wp--preset--spacing--60);padding-left:var(--wp--preset--spacing--30)\">\n<h2 class=\"wp-block-heading has-text-align-center has-large-font-size\">Artisans of taste and coffee at Pingwoo<\/h2>\n\n\n\n<p class=\"has-text-align-center\" style=\"margin-top:16px\">Discover how our passion for specialty coffee and innovation in 3D latte art shapes every moment at Pingwoo, combining quality and conviviality in the heart of La Villette but also in your companies. If you'd like to be our next partner, write to us in the contact zone! ^^<\/p>\n\n\n\n<figure class=\"wp-block-gallery alignwide has-nested-images columns-default is-cropped wp-block-gallery-1 is-layout-flex wp-block-gallery-is-layout-flex\">\n<figure class=\"wp-block-image size-large\"><img loading=\"lazy\" decoding=\"async\" width=\"682\" height=\"1024\" data-id=\"102\" src=\"https:\/\/pingwoo.fr\/wp-content\/uploads\/2025\/08\/IMG-20240429-WA0032-682x1024.jpg\" alt=\"\" class=\"wp-image-102\" style=\"aspect-ratio:3\/4;object-fit:cover\" srcset=\"https:\/\/pingwoo.fr\/wp-content\/uploads\/2025\/08\/IMG-20240429-WA0032-682x1024.jpg 682w, https:\/\/pingwoo.fr\/wp-content\/uploads\/2025\/08\/IMG-20240429-WA0032-200x300.jpg 200w, https:\/\/pingwoo.fr\/wp-content\/uploads\/2025\/08\/IMG-20240429-WA0032-768x1153.jpg 768w, https:\/\/pingwoo.fr\/wp-content\/uploads\/2025\/08\/IMG-20240429-WA0032-1023x1536.jpg 1023w, https:\/\/pingwoo.fr\/wp-content\/uploads\/2025\/08\/IMG-20240429-WA0032.jpg 1066w\" sizes=\"auto, (max-width: 682px) 100vw, 682px\" \/><\/figure>\n\n\n\n<figure class=\"wp-block-image\"><img loading=\"lazy\" decoding=\"async\" width=\"1152\" height=\"1440\" data-id=\"267\" class=\"wp-image-267\" src=\"https:\/\/pingwoo.fr\/wp-content\/uploads\/2025\/10\/5efce1fd60814a5a8adc74345b7b0882a4b05edc.jpg\" alt=\"\" style=\"aspect-ratio:3\/4;object-fit:cover\" srcset=\"https:\/\/pingwoo.fr\/wp-content\/uploads\/2025\/10\/5efce1fd60814a5a8adc74345b7b0882a4b05edc.jpg 1152w, https:\/\/pingwoo.fr\/wp-content\/uploads\/2025\/10\/5efce1fd60814a5a8adc74345b7b0882a4b05edc-240x300.jpg 240w, https:\/\/pingwoo.fr\/wp-content\/uploads\/2025\/10\/5efce1fd60814a5a8adc74345b7b0882a4b05edc-819x1024.jpg 819w, https:\/\/pingwoo.fr\/wp-content\/uploads\/2025\/10\/5efce1fd60814a5a8adc74345b7b0882a4b05edc-768x960.jpg 768w, https:\/\/pingwoo.fr\/wp-content\/uploads\/2025\/10\/5efce1fd60814a5a8adc74345b7b0882a4b05edc-10x12.jpg 10w\" sizes=\"auto, (max-width: 1152px) 100vw, 1152px\" \/><\/figure>\n\n\n\n<figure class=\"wp-block-image size-large\"><img loading=\"lazy\" decoding=\"async\" width=\"1024\" height=\"683\" data-id=\"93\" src=\"https:\/\/pingwoo.fr\/wp-content\/uploads\/2025\/08\/IMG-20220330-WA0056-1024x683.jpg\" alt=\"\" class=\"wp-image-93\" style=\"aspect-ratio:3\/4;object-fit:cover\" srcset=\"https:\/\/pingwoo.fr\/wp-content\/uploads\/2025\/08\/IMG-20220330-WA0056-1024x683.jpg 1024w, https:\/\/pingwoo.fr\/wp-content\/uploads\/2025\/08\/IMG-20220330-WA0056-300x200.jpg 300w, https:\/\/pingwoo.fr\/wp-content\/uploads\/2025\/08\/IMG-20220330-WA0056-768x512.jpg 768w, https:\/\/pingwoo.fr\/wp-content\/uploads\/2025\/08\/IMG-20220330-WA0056-1536x1024.jpg 1536w, https:\/\/pingwoo.fr\/wp-content\/uploads\/2025\/08\/IMG-20220330-WA0056.jpg 1776w\" sizes=\"auto, (max-width: 1024px) 100vw, 1024px\" \/><\/figure>\n<\/figure>\n<\/div>\n\n\n\n<div class=\"wp-block-group alignfull has-background-background-color has-background has-global-padding is-layout-constrained wp-container-core-group-is-layout-7276a2bb wp-block-group-is-layout-constrained\" id=\"temoignages\" style=\"margin-top:0;margin-bottom:0;padding-top:var(--wp--preset--spacing--60);padding-right:var(--wp--preset--spacing--30);padding-bottom:var(--wp--preset--spacing--60);padding-left:var(--wp--preset--spacing--30)\">\n<div class=\"wp-block-group alignwide is-vertical is-layout-flex wp-container-core-group-is-layout-fe9cc265 wp-block-group-is-layout-flex\">\n<div class=\"wp-block-group has-global-padding is-layout-constrained wp-block-group-is-layout-constrained\">\n<h2 class=\"wp-block-heading has-large-font-size\">The passionate team behind your unique 3D caf\u00e9s and caterer<\/h2>\n\n\n\n<p style=\"margin-top:16px\">Discover the enthusiastic opinions of our visitors who share their love for the atmosphere and our gourmet creations.<\/p>\n<\/div>\n<\/div>\n\n\n\n<div class=\"wp-block-group alignwide has-tertiary-background-color has-background has-global-padding is-layout-constrained wp-container-core-group-is-layout-a666d811 wp-block-group-is-layout-constrained\" style=\"padding-top:var(--wp--preset--spacing--40);padding-right:var(--wp--preset--spacing--40);padding-bottom:var(--wp--preset--spacing--40);padding-left:var(--wp--preset--spacing--40)\">\n<div class=\"wp-block-columns alignwide are-vertically-aligned-center is-layout-flex wp-container-core-columns-is-layout-08c01c1c wp-block-columns-is-layout-flex\">\n<div class=\"wp-block-column is-vertically-aligned-center is-layout-flow wp-container-core-column-is-layout-f5bb311e wp-block-column-is-layout-flow\" style=\"flex-basis:66.66%\">\n<p style=\"font-size:clamp(20px, 1.25rem + ((1vw - 3.2px) * 1.25), 32px);font-style:normal;font-weight:600;line-height:1.4\">Warm feedback underlines our creativity and attention to every detail of your experience.<\/p>\n\n\n\n<h4 class=\"wp-block-heading has-small-font-size\">Rehmat Rommana<\/h4>\n\n\n\n<p class=\"has-small-font-size\" style=\"margin-top:2px\">Barista and 3D latte artist<\/p>\n<\/div>\n\n\n\n<div class=\"wp-block-column is-vertically-aligned-center is-layout-flow wp-block-column-is-layout-flow\" style=\"flex-basis:33.33%\">\n<figure class=\"wp-block-image aligncenter size-large is-style-default\"><img loading=\"lazy\" decoding=\"async\" width=\"768\" height=\"1024\" src=\"https:\/\/pingwoo.fr\/wp-content\/uploads\/2025\/08\/IMG-20240405-WA0023-768x1024.jpg\" alt=\"\" class=\"wp-image-162\" style=\"aspect-ratio:1;object-fit:cover\" srcset=\"https:\/\/pingwoo.fr\/wp-content\/uploads\/2025\/08\/IMG-20240405-WA0023-768x1024.jpg 768w, https:\/\/pingwoo.fr\/wp-content\/uploads\/2025\/08\/IMG-20240405-WA0023-225x300.jpg 225w, https:\/\/pingwoo.fr\/wp-content\/uploads\/2025\/08\/IMG-20240405-WA0023-1152x1536.jpg 1152w, https:\/\/pingwoo.fr\/wp-content\/uploads\/2025\/08\/IMG-20240405-WA0023.jpg 1200w\" sizes=\"auto, (max-width: 768px) 100vw, 768px\" \/><\/figure>\n<\/div>\n<\/div>\n<\/div>\n\n\n\n<div class=\"wp-block-columns alignwide is-layout-flex wp-container-core-columns-is-layout-aee59796 wp-block-columns-is-layout-flex\" style=\"margin-top:32px\">\n<div class=\"wp-block-column has-tertiary-background-color has-background is-layout-flow wp-block-column-is-layout-flow\">\n<div class=\"wp-block-group has-global-padding is-layout-constrained wp-container-core-group-is-layout-24fca791 wp-block-group-is-layout-constrained\" style=\"padding-top:var(--wp--preset--spacing--30);padding-right:24px;padding-bottom:var(--wp--preset--spacing--30);padding-left:24px\">\n<p>A testimonial that celebrates the conviviality and talent of our team in the dining room and behind the counter.<\/p>\n\n\n\n<div class=\"wp-block-group is-nowrap is-layout-flex wp-container-core-group-is-layout-3b4e9d3e wp-block-group-is-layout-flex\">\n<figure class=\"wp-block-image aligncenter size-large is-resized is-style-rounded\"><img loading=\"lazy\" decoding=\"async\" width=\"1024\" height=\"683\" src=\"https:\/\/pingwoo.fr\/wp-content\/uploads\/2025\/08\/IMG-20240429-WA0118-1024x683.jpg\" alt=\"\" class=\"wp-image-106\" style=\"aspect-ratio:1;object-fit:cover;width:100px;height:auto\" srcset=\"https:\/\/pingwoo.fr\/wp-content\/uploads\/2025\/08\/IMG-20240429-WA0118-1024x683.jpg 1024w, https:\/\/pingwoo.fr\/wp-content\/uploads\/2025\/08\/IMG-20240429-WA0118-300x200.jpg 300w, https:\/\/pingwoo.fr\/wp-content\/uploads\/2025\/08\/IMG-20240429-WA0118-768x512.jpg 768w, https:\/\/pingwoo.fr\/wp-content\/uploads\/2025\/08\/IMG-20240429-WA0118-1536x1024.jpg 1536w, https:\/\/pingwoo.fr\/wp-content\/uploads\/2025\/08\/IMG-20240429-WA0118.jpg 1776w\" sizes=\"auto, (max-width: 1024px) 100vw, 1024px\" \/><\/figure>\n\n\n\n<div class=\"wp-block-group has-global-padding is-layout-constrained wp-block-group-is-layout-constrained\">\n<h4 class=\"wp-block-heading has-small-font-size\">Sekou <\/h4>\n\n\n\n<p class=\"has-small-font-size\" style=\"margin-top:2px\">Halal brunch chef<\/p>\n<\/div>\n<\/div>\n<\/div>\n<\/div>\n\n\n\n<div class=\"wp-block-column has-tertiary-background-color has-background is-layout-flow wp-block-column-is-layout-flow\">\n<div class=\"wp-block-group has-global-padding is-layout-constrained wp-container-core-group-is-layout-24fca791 wp-block-group-is-layout-constrained\" style=\"padding-top:var(--wp--preset--spacing--30);padding-right:24px;padding-bottom:var(--wp--preset--spacing--30);padding-left:24px\">\n<p>One customer expresses his admiration for our expertise and the care taken with every dish and drink.<\/p>\n\n\n\n<div class=\"wp-block-group is-nowrap is-layout-flex wp-container-core-group-is-layout-3b4e9d3e wp-block-group-is-layout-flex\">\n<figure class=\"wp-block-image aligncenter size-large is-resized is-style-rounded\"><img loading=\"lazy\" decoding=\"async\" width=\"769\" height=\"1024\" src=\"https:\/\/pingwoo.fr\/wp-content\/uploads\/2025\/08\/PXL_20250412_081756367-769x1024.jpg\" alt=\"\" class=\"wp-image-148\" style=\"aspect-ratio:1;object-fit:cover;width:102px;height:auto\" srcset=\"https:\/\/pingwoo.fr\/wp-content\/uploads\/2025\/08\/PXL_20250412_081756367-769x1024.jpg 769w, https:\/\/pingwoo.fr\/wp-content\/uploads\/2025\/08\/PXL_20250412_081756367-225x300.jpg 225w, https:\/\/pingwoo.fr\/wp-content\/uploads\/2025\/08\/PXL_20250412_081756367-768x1023.jpg 768w, https:\/\/pingwoo.fr\/wp-content\/uploads\/2025\/08\/PXL_20250412_081756367-1153x1536.jpg 1153w, https:\/\/pingwoo.fr\/wp-content\/uploads\/2025\/08\/PXL_20250412_081756367-1538x2048.jpg 1538w, https:\/\/pingwoo.fr\/wp-content\/uploads\/2025\/08\/PXL_20250412_081756367-scaled.jpg 1922w\" sizes=\"auto, (max-width: 769px) 100vw, 769px\" \/><\/figure>\n\n\n\n<div class=\"wp-block-group has-global-padding is-layout-constrained wp-block-group-is-layout-constrained\">\n<h4 class=\"wp-block-heading has-small-font-size\">Abdel<\/h4>\n\n\n\n<p class=\"has-small-font-size\" style=\"margin-top:2px\">Head of Communications<\/p>\n<\/div>\n<\/div>\n<\/div>\n<\/div>\n\n\n\n<div class=\"wp-block-column has-tertiary-background-color has-background is-layout-flow wp-block-column-is-layout-flow\">\n<div class=\"wp-block-group has-global-padding is-layout-constrained wp-container-core-group-is-layout-24fca791 wp-block-group-is-layout-constrained\" style=\"padding-top:var(--wp--preset--spacing--30);padding-right:24px;padding-bottom:var(--wp--preset--spacing--30);padding-left:24px\">\n<p>He shares his enthusiasm for the warm welcome and consistent quality of our services.<\/p>\n\n\n\n<div class=\"wp-block-group is-nowrap is-layout-flex wp-container-core-group-is-layout-3b4e9d3e wp-block-group-is-layout-flex\">\n<figure class=\"wp-block-image aligncenter size-large is-resized is-style-rounded\"><img loading=\"lazy\" decoding=\"async\" width=\"1024\" height=\"682\" src=\"https:\/\/pingwoo.fr\/wp-content\/uploads\/2025\/08\/IMG-20241210-WA0026-1024x682.jpg\" alt=\"\" class=\"wp-image-76\" style=\"aspect-ratio:1;object-fit:cover;width:106px;height:auto\" srcset=\"https:\/\/pingwoo.fr\/wp-content\/uploads\/2025\/08\/IMG-20241210-WA0026-1024x682.jpg 1024w, https:\/\/pingwoo.fr\/wp-content\/uploads\/2025\/08\/IMG-20241210-WA0026-300x200.jpg 300w, https:\/\/pingwoo.fr\/wp-content\/uploads\/2025\/08\/IMG-20241210-WA0026-768x512.jpg 768w, https:\/\/pingwoo.fr\/wp-content\/uploads\/2025\/08\/IMG-20241210-WA0026-1536x1023.jpg 1536w, https:\/\/pingwoo.fr\/wp-content\/uploads\/2025\/08\/IMG-20241210-WA0026.jpg 1600w\" sizes=\"auto, (max-width: 1024px) 100vw, 1024px\" \/><\/figure>\n\n\n\n<div class=\"wp-block-group has-global-padding is-layout-constrained wp-block-group-is-layout-constrained\">\n<h4 class=\"wp-block-heading has-small-font-size\">Martin<\/h4>\n\n\n\n<p class=\"has-small-font-size\" style=\"margin-top:2px\">Field coordinator<\/p>\n<\/div>\n<\/div>\n<\/div>\n<\/div>\n<\/div>\n<\/div>","protected":false},"excerpt":{"rendered":"<p>NOS PARTENARIATS Paris Caf\u00e9 festival Le must to be du salon du caf\u00e9. On est pr\u00e9sent aux \u00e9ditions 2023 \u00e0 2025 ALPRO Family Partenaire des laits v\u00e9g\u00e9taux ALPRO de Danone. Une \u00e9quipe aux petits soins et bienveillant qui aide \u00e0 nous accompagner sur diff\u00e9rents \u00e9v\u00e8nements et collaboration SHUFFLE Family Groupe Sullivans avec un concept de [&hellip;]<\/p>\n","protected":false},"author":1,"featured_media":0,"parent":0,"menu_order":0,"comment_status":"closed","ping_status":"closed","template":"page-with-title","meta":{"footnotes":""},"class_list":["post-20","page","type-page","status-publish","hentry"],"_links":{"self":[{"href":"https:\/\/pingwoo.fr\/en\/wp-json\/wp\/v2\/pages\/20","targetHints":{"allow":["GET"]}}],"collection":[{"href":"https:\/\/pingwoo.fr\/en\/wp-json\/wp\/v2\/pages"}],"about":[{"href":"https:\/\/pingwoo.fr\/en\/wp-json\/wp\/v2\/types\/page"}],"author":[{"embeddable":true,"href":"https:\/\/pingwoo.fr\/en\/wp-json\/wp\/v2\/users\/1"}],"replies":[{"embeddable":true,"href":"https:\/\/pingwoo.fr\/en\/wp-json\/wp\/v2\/comments?post=20"}],"version-history":[{"count":17,"href":"https:\/\/pingwoo.fr\/en\/wp-json\/wp\/v2\/pages\/20\/revisions"}],"predecessor-version":[{"id":268,"href":"https:\/\/pingwoo.fr\/en\/wp-json\/wp\/v2\/pages\/20\/revisions\/268"}],"wp:attachment":[{"href":"https:\/\/pingwoo.fr\/en\/wp-json\/wp\/v2\/media?parent=20"}],"curies":[{"name":"wp","href":"https:\/\/api.w.org\/{rel}","templated":true}]}}