{"id":19,"date":"2025-08-14T15:03:47","date_gmt":"2025-08-14T15:03:47","guid":{"rendered":"https:\/\/pingwoo.fr\/promotions\/"},"modified":"2025-10-24T03:03:50","modified_gmt":"2025-10-24T03:03:50","slug":"promotions","status":"publish","type":"page","link":"https:\/\/pingwoo.fr\/en\/promotions\/","title":{"rendered":"En ce moment"},"content":{"rendered":"<div class=\"wp-block-group alignfull has-background-background-color has-background has-global-padding is-layout-constrained wp-container-core-group-is-layout-52154694 wp-block-group-is-layout-constrained\" style=\"margin-top:0;margin-bottom:0;padding-top:0;padding-right:0;padding-bottom:0;padding-left:0\">\n<div class=\"wp-block-cover alignfull\" style=\"padding-top:var(--wp--preset--spacing--60);padding-right:var(--wp--preset--spacing--30);padding-bottom:var(--wp--preset--spacing--60);padding-left:var(--wp--preset--spacing--30);min-height:50vh;aspect-ratio:unset;\"><img loading=\"lazy\" decoding=\"async\" width=\"1024\" height=\"683\" class=\"wp-block-cover__image-background wp-image-40 size-large\" alt=\"\" src=\"https:\/\/pingwoo.fr\/wp-content\/uploads\/2025\/08\/DSCF6077_1-1024x683.jpg\" data-object-fit=\"cover\" srcset=\"https:\/\/pingwoo.fr\/wp-content\/uploads\/2025\/08\/DSCF6077_1-1024x683.jpg 1024w, https:\/\/pingwoo.fr\/wp-content\/uploads\/2025\/08\/DSCF6077_1-300x200.jpg 300w, https:\/\/pingwoo.fr\/wp-content\/uploads\/2025\/08\/DSCF6077_1-768x512.jpg 768w, https:\/\/pingwoo.fr\/wp-content\/uploads\/2025\/08\/DSCF6077_1-1536x1024.jpg 1536w, https:\/\/pingwoo.fr\/wp-content\/uploads\/2025\/08\/DSCF6077_1-2048x1365.jpg 2048w\" sizes=\"auto, (max-width: 1024px) 100vw, 1024px\" \/><span aria-hidden=\"true\" class=\"wp-block-cover__background has-black-background-color has-background-dim-60 has-background-dim\"><\/span><div class=\"wp-block-cover__inner-container is-layout-flow wp-block-cover-is-layout-flow\">\n<div class=\"wp-block-group has-global-padding is-layout-constrained wp-block-group-is-layout-constrained\">\n<h2 class=\"wp-block-heading has-text-align-center has-white-color has-text-color has-large-font-size\">Plongez dans le monde unique du latte art en 3D<\/h2>\n\n\n\n<p class=\"has-text-align-center has-white-color has-text-color\" style=\"margin-top:16px\">Profitez de nos promotions exclusives et de nos offres sp\u00e9ciales pour savourer nos brunchs et caf\u00e9s de sp\u00e9cialit\u00e9 \u00e0 prix doux.<\/p>\n\n\n\n<div class=\"wp-block-buttons is-content-justification-center is-layout-flex wp-container-core-buttons-is-layout-d8c0be80 wp-block-buttons-is-layout-flex\" style=\"margin-top:var(--wp--preset--spacing--40)\">\n<div class=\"wp-block-button\"><a class=\"wp-block-button__link has-text-color has-background has-link-color wp-element-button\" href=\"https:\/\/pingwoo.fr\/en\/contact\/\" style=\"color:#111111;background-color:#fcfcfc\">Voir nos offres<\/a><\/div>\n<\/div>\n<\/div>\n<\/div><\/div>\n\n\n\n<div class=\"wp-block-group alignfull has-background-color has-foreground-background-color has-text-color has-background has-link-color has-medium-font-size wp-elements-ff8fe05c5116612a02453d0be771081d is-content-justification-center is-layout-flex wp-container-core-group-is-layout-0907b474 wp-block-group-is-layout-flex\" style=\"padding-right:var(--wp--preset--spacing--30);padding-left:var(--wp--preset--spacing--30);font-style:normal;font-weight:600\">\n<p>pancake gourmand fait \u00e0 ta guise <\/p>\n\n\n\n<hr class=\"wp-block-separator has-alpha-channel-opacity is-style-default wp-container-content-d5c5dac1\"\/>\n\n\n\n<p>Carte fid\u00e9lit\u00e9 bient\u00f4t disponible<\/p>\n\n\n\n<hr class=\"wp-block-separator has-alpha-channel-opacity is-style-default wp-container-content-d5c5dac1\"\/>\n\n\n\n<p>menu entr\u00e9e plat ou plat dessert d\u00e8s 13\u20ac toute la journ\u00e9e<\/p>\n\n\n\n<hr class=\"wp-block-separator has-alpha-channel-opacity is-style-default wp-container-content-d5c5dac1\"\/>\n<\/div>\n<\/div>\n\n\n\n<div class=\"wp-block-group alignfull has-tertiary-background-color has-background has-global-padding is-layout-constrained wp-container-core-group-is-layout-7276a2bb wp-block-group-is-layout-constrained\" id=\"galerie\" style=\"margin-top:0;margin-bottom:0;padding-top:var(--wp--preset--spacing--60);padding-right:var(--wp--preset--spacing--30);padding-bottom:var(--wp--preset--spacing--60);padding-left:var(--wp--preset--spacing--30)\">\n<div class=\"wp-block-group alignwide is-vertical is-layout-flex wp-container-core-group-is-layout-fe9cc265 wp-block-group-is-layout-flex\">\n<div class=\"wp-block-group has-global-padding is-layout-constrained wp-block-group-is-layout-constrained\">\n<h2 class=\"wp-block-heading has-large-font-size\">Savourez l&rsquo;art unique du latte 3D<\/h2>\n\n\n\n<p style=\"margin-top:16px\">D\u00e9couvrez nos cr\u00e9ations originales, entre caf\u00e9 de sp\u00e9cialit\u00e9 et brunchs savoureux dans un cadre convivial.<\/p>\n<\/div>\n<\/div>\n\n\n\n<figure class=\"wp-block-gallery alignwide has-nested-images columns-default is-cropped wp-block-gallery-1 is-layout-flex wp-block-gallery-is-layout-flex\">\n<figure data-wp-context=\"{&quot;imageId&quot;:&quot;69e74bd0c4da5&quot;}\" data-wp-interactive=\"core\/image\" data-wp-key=\"69e74bd0c4da5\" class=\"wp-block-image size-large wp-lightbox-container\"><img loading=\"lazy\" decoding=\"async\" width=\"1024\" height=\"682\" data-wp-class--hide=\"state.isContentHidden\" data-wp-class--show=\"state.isContentVisible\" data-wp-init=\"callbacks.setButtonStyles\" data-wp-on--click=\"actions.showLightbox\" data-wp-on--load=\"callbacks.setButtonStyles\" data-wp-on-window--resize=\"callbacks.setButtonStyles\" data-id=\"80\" src=\"https:\/\/pingwoo.fr\/wp-content\/uploads\/2025\/08\/IMG-20240529-WA0212-1024x682.jpg\" alt=\"\" class=\"wp-image-80\" srcset=\"https:\/\/pingwoo.fr\/wp-content\/uploads\/2025\/08\/IMG-20240529-WA0212-1024x682.jpg 1024w, https:\/\/pingwoo.fr\/wp-content\/uploads\/2025\/08\/IMG-20240529-WA0212-300x200.jpg 300w, https:\/\/pingwoo.fr\/wp-content\/uploads\/2025\/08\/IMG-20240529-WA0212-768x512.jpg 768w, https:\/\/pingwoo.fr\/wp-content\/uploads\/2025\/08\/IMG-20240529-WA0212-1536x1023.jpg 1536w, https:\/\/pingwoo.fr\/wp-content\/uploads\/2025\/08\/IMG-20240529-WA0212.jpg 1600w\" sizes=\"auto, (max-width: 1024px) 100vw, 1024px\" \/><button\n\t\t\tclass=\"lightbox-trigger\"\n\t\t\ttype=\"button\"\n\t\t\taria-haspopup=\"dialog\"\n\t\t\taria-label=\"Enlarge\"\n\t\t\tdata-wp-init=\"callbacks.initTriggerButton\"\n\t\t\tdata-wp-on--click=\"actions.showLightbox\"\n\t\t\tdata-wp-style--right=\"state.imageButtonRight\"\n\t\t\tdata-wp-style--top=\"state.imageButtonTop\"\n\t\t>\n\t\t\t<svg xmlns=\"http:\/\/www.w3.org\/2000\/svg\" width=\"12\" height=\"12\" fill=\"none\" viewbox=\"0 0 12 12\">\n\t\t\t\t<path fill=\"#fff\" d=\"M2 0a2 2 0 0 0-2 2v2h1.5V2a.5.5 0 0 1 .5-.5h2V0H2Zm2 10.5H2a.5.5 0 0 1-.5-.5V8H0v2a2 2 0 0 0 2 2h2v-1.5ZM8 12v-1.5h2a.5.5 0 0 0 .5-.5V8H12v2a2 2 0 0 1-2 2H8Zm2-12a2 2 0 0 1 2 2v2h-1.5V2a.5.5 0 0 0-.5-.5H8V0h2Z\" \/>\n\t\t\t<\/svg>\n\t\t<\/button><\/figure>\n\n\n\n<figure data-wp-context=\"{&quot;imageId&quot;:&quot;69e74bd0c526d&quot;}\" data-wp-interactive=\"core\/image\" data-wp-key=\"69e74bd0c526d\" class=\"wp-block-image size-full wp-lightbox-container\"><img loading=\"lazy\" decoding=\"async\" width=\"768\" height=\"1024\" data-wp-class--hide=\"state.isContentHidden\" data-wp-class--show=\"state.isContentVisible\" data-wp-init=\"callbacks.setButtonStyles\" data-wp-on--click=\"actions.showLightbox\" data-wp-on--load=\"callbacks.setButtonStyles\" data-wp-on-window--resize=\"callbacks.setButtonStyles\" data-id=\"91\" src=\"https:\/\/pingwoo.fr\/wp-content\/uploads\/2025\/08\/IMG-20230926-WA0005.jpg\" alt=\"\" class=\"wp-image-91\" srcset=\"https:\/\/pingwoo.fr\/wp-content\/uploads\/2025\/08\/IMG-20230926-WA0005.jpg 768w, https:\/\/pingwoo.fr\/wp-content\/uploads\/2025\/08\/IMG-20230926-WA0005-225x300.jpg 225w\" sizes=\"auto, (max-width: 768px) 100vw, 768px\" \/><button\n\t\t\tclass=\"lightbox-trigger\"\n\t\t\ttype=\"button\"\n\t\t\taria-haspopup=\"dialog\"\n\t\t\taria-label=\"Enlarge\"\n\t\t\tdata-wp-init=\"callbacks.initTriggerButton\"\n\t\t\tdata-wp-on--click=\"actions.showLightbox\"\n\t\t\tdata-wp-style--right=\"state.imageButtonRight\"\n\t\t\tdata-wp-style--top=\"state.imageButtonTop\"\n\t\t>\n\t\t\t<svg xmlns=\"http:\/\/www.w3.org\/2000\/svg\" width=\"12\" height=\"12\" fill=\"none\" viewbox=\"0 0 12 12\">\n\t\t\t\t<path fill=\"#fff\" d=\"M2 0a2 2 0 0 0-2 2v2h1.5V2a.5.5 0 0 1 .5-.5h2V0H2Zm2 10.5H2a.5.5 0 0 1-.5-.5V8H0v2a2 2 0 0 0 2 2h2v-1.5ZM8 12v-1.5h2a.5.5 0 0 0 .5-.5V8H12v2a2 2 0 0 1-2 2H8Zm2-12a2 2 0 0 1 2 2v2h-1.5V2a.5.5 0 0 0-.5-.5H8V0h2Z\" \/>\n\t\t\t<\/svg>\n\t\t<\/button><\/figure>\n\n\n\n<figure data-wp-context=\"{&quot;imageId&quot;:&quot;69e74bd0c5605&quot;}\" data-wp-interactive=\"core\/image\" data-wp-key=\"69e74bd0c5605\" class=\"wp-block-image size-large wp-lightbox-container\"><img loading=\"lazy\" decoding=\"async\" width=\"1024\" height=\"683\" data-wp-class--hide=\"state.isContentHidden\" data-wp-class--show=\"state.isContentVisible\" data-wp-init=\"callbacks.setButtonStyles\" data-wp-on--click=\"actions.showLightbox\" data-wp-on--load=\"callbacks.setButtonStyles\" data-wp-on-window--resize=\"callbacks.setButtonStyles\" data-id=\"49\" src=\"https:\/\/pingwoo.fr\/wp-content\/uploads\/2025\/08\/DSCF5947_1-1024x683.jpg\" alt=\"\" class=\"wp-image-49\" srcset=\"https:\/\/pingwoo.fr\/wp-content\/uploads\/2025\/08\/DSCF5947_1-1024x683.jpg 1024w, https:\/\/pingwoo.fr\/wp-content\/uploads\/2025\/08\/DSCF5947_1-300x200.jpg 300w, https:\/\/pingwoo.fr\/wp-content\/uploads\/2025\/08\/DSCF5947_1-768x512.jpg 768w, https:\/\/pingwoo.fr\/wp-content\/uploads\/2025\/08\/DSCF5947_1-1536x1024.jpg 1536w, https:\/\/pingwoo.fr\/wp-content\/uploads\/2025\/08\/DSCF5947_1-2048x1365.jpg 2048w\" sizes=\"auto, (max-width: 1024px) 100vw, 1024px\" \/><button\n\t\t\tclass=\"lightbox-trigger\"\n\t\t\ttype=\"button\"\n\t\t\taria-haspopup=\"dialog\"\n\t\t\taria-label=\"Enlarge\"\n\t\t\tdata-wp-init=\"callbacks.initTriggerButton\"\n\t\t\tdata-wp-on--click=\"actions.showLightbox\"\n\t\t\tdata-wp-style--right=\"state.imageButtonRight\"\n\t\t\tdata-wp-style--top=\"state.imageButtonTop\"\n\t\t>\n\t\t\t<svg xmlns=\"http:\/\/www.w3.org\/2000\/svg\" width=\"12\" height=\"12\" fill=\"none\" viewbox=\"0 0 12 12\">\n\t\t\t\t<path fill=\"#fff\" d=\"M2 0a2 2 0 0 0-2 2v2h1.5V2a.5.5 0 0 1 .5-.5h2V0H2Zm2 10.5H2a.5.5 0 0 1-.5-.5V8H0v2a2 2 0 0 0 2 2h2v-1.5ZM8 12v-1.5h2a.5.5 0 0 0 .5-.5V8H12v2a2 2 0 0 1-2 2H8Zm2-12a2 2 0 0 1 2 2v2h-1.5V2a.5.5 0 0 0-.5-.5H8V0h2Z\" \/>\n\t\t\t<\/svg>\n\t\t<\/button><\/figure>\n\n\n\n<figure data-wp-context=\"{&quot;imageId&quot;:&quot;69e74bd0c5945&quot;}\" data-wp-interactive=\"core\/image\" data-wp-key=\"69e74bd0c5945\" class=\"wp-block-image size-large wp-lightbox-container\"><img loading=\"lazy\" decoding=\"async\" width=\"766\" height=\"1024\" data-wp-class--hide=\"state.isContentHidden\" data-wp-class--show=\"state.isContentVisible\" data-wp-init=\"callbacks.setButtonStyles\" data-wp-on--click=\"actions.showLightbox\" data-wp-on--load=\"callbacks.setButtonStyles\" data-wp-on-window--resize=\"callbacks.setButtonStyles\" data-id=\"68\" src=\"https:\/\/pingwoo.fr\/wp-content\/uploads\/2025\/08\/IMG_20230426_160325-766x1024.jpg\" alt=\"\" class=\"wp-image-68\" srcset=\"https:\/\/pingwoo.fr\/wp-content\/uploads\/2025\/08\/IMG_20230426_160325-766x1024.jpg 766w, https:\/\/pingwoo.fr\/wp-content\/uploads\/2025\/08\/IMG_20230426_160325-224x300.jpg 224w, https:\/\/pingwoo.fr\/wp-content\/uploads\/2025\/08\/IMG_20230426_160325-768x1027.jpg 768w, https:\/\/pingwoo.fr\/wp-content\/uploads\/2025\/08\/IMG_20230426_160325-1149x1536.jpg 1149w, https:\/\/pingwoo.fr\/wp-content\/uploads\/2025\/08\/IMG_20230426_160325-1532x2048.jpg 1532w, https:\/\/pingwoo.fr\/wp-content\/uploads\/2025\/08\/IMG_20230426_160325-scaled.jpg 1915w\" sizes=\"auto, (max-width: 766px) 100vw, 766px\" \/><button\n\t\t\tclass=\"lightbox-trigger\"\n\t\t\ttype=\"button\"\n\t\t\taria-haspopup=\"dialog\"\n\t\t\taria-label=\"Enlarge\"\n\t\t\tdata-wp-init=\"callbacks.initTriggerButton\"\n\t\t\tdata-wp-on--click=\"actions.showLightbox\"\n\t\t\tdata-wp-style--right=\"state.imageButtonRight\"\n\t\t\tdata-wp-style--top=\"state.imageButtonTop\"\n\t\t>\n\t\t\t<svg xmlns=\"http:\/\/www.w3.org\/2000\/svg\" width=\"12\" height=\"12\" fill=\"none\" viewbox=\"0 0 12 12\">\n\t\t\t\t<path fill=\"#fff\" d=\"M2 0a2 2 0 0 0-2 2v2h1.5V2a.5.5 0 0 1 .5-.5h2V0H2Zm2 10.5H2a.5.5 0 0 1-.5-.5V8H0v2a2 2 0 0 0 2 2h2v-1.5ZM8 12v-1.5h2a.5.5 0 0 0 .5-.5V8H12v2a2 2 0 0 1-2 2H8Zm2-12a2 2 0 0 1 2 2v2h-1.5V2a.5.5 0 0 0-.5-.5H8V0h2Z\" \/>\n\t\t\t<\/svg>\n\t\t<\/button><\/figure>\n\n\n\n<figure data-wp-context=\"{&quot;imageId&quot;:&quot;69e74bd0c5c18&quot;}\" data-wp-interactive=\"core\/image\" data-wp-key=\"69e74bd0c5c18\" class=\"wp-block-image size-large wp-lightbox-container\"><img loading=\"lazy\" decoding=\"async\" width=\"569\" height=\"1024\" data-wp-class--hide=\"state.isContentHidden\" data-wp-class--show=\"state.isContentVisible\" data-wp-init=\"callbacks.setButtonStyles\" data-wp-on--click=\"actions.showLightbox\" data-wp-on--load=\"callbacks.setButtonStyles\" data-wp-on-window--resize=\"callbacks.setButtonStyles\" data-id=\"67\" src=\"https:\/\/pingwoo.fr\/wp-content\/uploads\/2025\/08\/IMG_20230830_151512-1-569x1024.jpg\" alt=\"\" class=\"wp-image-67\" srcset=\"https:\/\/pingwoo.fr\/wp-content\/uploads\/2025\/08\/IMG_20230830_151512-1-569x1024.jpg 569w, https:\/\/pingwoo.fr\/wp-content\/uploads\/2025\/08\/IMG_20230830_151512-1-167x300.jpg 167w, https:\/\/pingwoo.fr\/wp-content\/uploads\/2025\/08\/IMG_20230830_151512-1-768x1383.jpg 768w, https:\/\/pingwoo.fr\/wp-content\/uploads\/2025\/08\/IMG_20230830_151512-1-853x1536.jpg 853w, https:\/\/pingwoo.fr\/wp-content\/uploads\/2025\/08\/IMG_20230830_151512-1.jpg 962w\" sizes=\"auto, (max-width: 569px) 100vw, 569px\" \/><button\n\t\t\tclass=\"lightbox-trigger\"\n\t\t\ttype=\"button\"\n\t\t\taria-haspopup=\"dialog\"\n\t\t\taria-label=\"Enlarge\"\n\t\t\tdata-wp-init=\"callbacks.initTriggerButton\"\n\t\t\tdata-wp-on--click=\"actions.showLightbox\"\n\t\t\tdata-wp-style--right=\"state.imageButtonRight\"\n\t\t\tdata-wp-style--top=\"state.imageButtonTop\"\n\t\t>\n\t\t\t<svg xmlns=\"http:\/\/www.w3.org\/2000\/svg\" width=\"12\" height=\"12\" fill=\"none\" viewbox=\"0 0 12 12\">\n\t\t\t\t<path fill=\"#fff\" d=\"M2 0a2 2 0 0 0-2 2v2h1.5V2a.5.5 0 0 1 .5-.5h2V0H2Zm2 10.5H2a.5.5 0 0 1-.5-.5V8H0v2a2 2 0 0 0 2 2h2v-1.5ZM8 12v-1.5h2a.5.5 0 0 0 .5-.5V8H12v2a2 2 0 0 1-2 2H8Zm2-12a2 2 0 0 1 2 2v2h-1.5V2a.5.5 0 0 0-.5-.5H8V0h2Z\" \/>\n\t\t\t<\/svg>\n\t\t<\/button><\/figure>\n\n\n\n<figure data-wp-context=\"{&quot;imageId&quot;:&quot;69e74bd0c5ed6&quot;}\" data-wp-interactive=\"core\/image\" data-wp-key=\"69e74bd0c5ed6\" class=\"wp-block-image size-large wp-lightbox-container\"><img loading=\"lazy\" decoding=\"async\" width=\"768\" height=\"1024\" data-wp-class--hide=\"state.isContentHidden\" data-wp-class--show=\"state.isContentVisible\" data-wp-init=\"callbacks.setButtonStyles\" data-wp-on--click=\"actions.showLightbox\" data-wp-on--load=\"callbacks.setButtonStyles\" data-wp-on-window--resize=\"callbacks.setButtonStyles\" data-id=\"78\" src=\"https:\/\/pingwoo.fr\/wp-content\/uploads\/2025\/08\/IMG-20241126-WA0016-768x1024.jpg\" alt=\"\" class=\"wp-image-78\" srcset=\"https:\/\/pingwoo.fr\/wp-content\/uploads\/2025\/08\/IMG-20241126-WA0016-768x1024.jpg 768w, https:\/\/pingwoo.fr\/wp-content\/uploads\/2025\/08\/IMG-20241126-WA0016-225x300.jpg 225w, https:\/\/pingwoo.fr\/wp-content\/uploads\/2025\/08\/IMG-20241126-WA0016-1152x1536.jpg 1152w, https:\/\/pingwoo.fr\/wp-content\/uploads\/2025\/08\/IMG-20241126-WA0016.jpg 1536w\" sizes=\"auto, (max-width: 768px) 100vw, 768px\" \/><button\n\t\t\tclass=\"lightbox-trigger\"\n\t\t\ttype=\"button\"\n\t\t\taria-haspopup=\"dialog\"\n\t\t\taria-label=\"Enlarge\"\n\t\t\tdata-wp-init=\"callbacks.initTriggerButton\"\n\t\t\tdata-wp-on--click=\"actions.showLightbox\"\n\t\t\tdata-wp-style--right=\"state.imageButtonRight\"\n\t\t\tdata-wp-style--top=\"state.imageButtonTop\"\n\t\t>\n\t\t\t<svg xmlns=\"http:\/\/www.w3.org\/2000\/svg\" width=\"12\" height=\"12\" fill=\"none\" viewbox=\"0 0 12 12\">\n\t\t\t\t<path fill=\"#fff\" d=\"M2 0a2 2 0 0 0-2 2v2h1.5V2a.5.5 0 0 1 .5-.5h2V0H2Zm2 10.5H2a.5.5 0 0 1-.5-.5V8H0v2a2 2 0 0 0 2 2h2v-1.5ZM8 12v-1.5h2a.5.5 0 0 0 .5-.5V8H12v2a2 2 0 0 1-2 2H8Zm2-12a2 2 0 0 1 2 2v2h-1.5V2a.5.5 0 0 0-.5-.5H8V0h2Z\" \/>\n\t\t\t<\/svg>\n\t\t<\/button><\/figure>\n<\/figure>\n<\/div>\n\n\n\n<div class=\"wp-block-group alignfull has-background-background-color has-background has-global-padding is-layout-constrained wp-container-core-group-is-layout-7276a2bb wp-block-group-is-layout-constrained\" style=\"margin-top:0;margin-bottom:0;padding-top:var(--wp--preset--spacing--60);padding-right:var(--wp--preset--spacing--30);padding-bottom:var(--wp--preset--spacing--60);padding-left:var(--wp--preset--spacing--30)\">\n<div class=\"wp-block-group alignwide is-content-justification-space-between is-layout-flex wp-container-core-group-is-layout-9366075c wp-block-group-is-layout-flex\">\n<div class=\"wp-block-group has-global-padding is-layout-constrained wp-block-group-is-layout-constrained\">\n<h2 class=\"wp-block-heading has-large-font-size\">Savourez un latte art 3D unique et fascinant<\/h2>\n\n\n\n<p style=\"margin-top:16px\">D\u00e9couvrez nos offres exclusives et \u00e9v\u00e9nements, inscrivez-vous pour ne rien manquer et profitez d\u2019une exp\u00e9rience culinaire inoubliable au c\u0153ur de Boom Boom Villette.<\/p>\n<\/div>\n\n\n\n<div class=\"wp-block-buttons is-horizontal is-content-justification-right is-layout-flex wp-container-core-buttons-is-layout-27c00227 wp-block-buttons-is-layout-flex\">\n<div class=\"wp-block-button\"><a class=\"wp-block-button__link wp-element-button\" href=\"https:\/\/pingwoo.fr\/en\/a-propos\/\">Voir nos offres<\/a><\/div>\n<\/div>\n<\/div>\n<\/div>","protected":false},"excerpt":{"rendered":"<p>pancake gourmand fait \u00e0 ta guise Carte fid\u00e9lit\u00e9 bient\u00f4t disponible menu entr\u00e9e plat ou plat dessert d\u00e8s 13\u20ac toute la journ\u00e9e Savourez l&rsquo;art unique du latte 3D D\u00e9couvrez nos cr\u00e9ations originales, entre caf\u00e9 de sp\u00e9cialit\u00e9 et brunchs savoureux dans un cadre convivial. Savourez un latte art 3D unique et fascinant D\u00e9couvrez nos offres exclusives et [&hellip;]<\/p>\n","protected":false},"author":1,"featured_media":0,"parent":0,"menu_order":0,"comment_status":"closed","ping_status":"closed","template":"page-with-title","meta":{"footnotes":""},"class_list":["post-19","page","type-page","status-publish","hentry"],"_links":{"self":[{"href":"https:\/\/pingwoo.fr\/en\/wp-json\/wp\/v2\/pages\/19","targetHints":{"allow":["GET"]}}],"collection":[{"href":"https:\/\/pingwoo.fr\/en\/wp-json\/wp\/v2\/pages"}],"about":[{"href":"https:\/\/pingwoo.fr\/en\/wp-json\/wp\/v2\/types\/page"}],"author":[{"embeddable":true,"href":"https:\/\/pingwoo.fr\/en\/wp-json\/wp\/v2\/users\/1"}],"replies":[{"embeddable":true,"href":"https:\/\/pingwoo.fr\/en\/wp-json\/wp\/v2\/comments?post=19"}],"version-history":[{"count":7,"href":"https:\/\/pingwoo.fr\/en\/wp-json\/wp\/v2\/pages\/19\/revisions"}],"predecessor-version":[{"id":266,"href":"https:\/\/pingwoo.fr\/en\/wp-json\/wp\/v2\/pages\/19\/revisions\/266"}],"wp:attachment":[{"href":"https:\/\/pingwoo.fr\/en\/wp-json\/wp\/v2\/media?parent=19"}],"curies":[{"name":"wp","href":"https:\/\/api.w.org\/{rel}","templated":true}]}}