{"id":17,"date":"2025-08-14T15:03:46","date_gmt":"2025-08-14T15:03:46","guid":{"rendered":"https:\/\/pingwoo.fr\/faq\/"},"modified":"2025-10-24T03:03:50","modified_gmt":"2025-10-24T03:03:50","slug":"faq","status":"publish","type":"page","link":"https:\/\/pingwoo.fr\/en\/faq\/","title":{"rendered":"FAQ"},"content":{"rendered":"<div class=\"wp-block-group alignfull has-background-background-color has-background has-global-padding is-layout-constrained wp-container-core-group-is-layout-7276a2bb wp-block-group-is-layout-constrained\" id=\"faq\" style=\"margin-top:0;margin-bottom:0;padding-top:var(--wp--preset--spacing--60);padding-right:var(--wp--preset--spacing--30);padding-bottom:var(--wp--preset--spacing--60);padding-left:var(--wp--preset--spacing--30)\">\n<div class=\"wp-block-columns alignwide is-layout-flex wp-container-core-columns-is-layout-714d85e9 wp-block-columns-is-layout-flex\">\n<div class=\"wp-block-column is-layout-flow wp-block-column-is-layout-flow\" style=\"flex-basis:33.33%\">\n<h2 class=\"wp-block-heading has-large-font-size\">De PINGWOO Boom Boom Villette's gourmet rendez-vous<\/h2>\n\n\n\n<p style=\"margin-top:16px\">Find clear answers to your questions about our caf\u00e9, menu and services.<\/p>\n\n\n\n<figure class=\"wp-block-gallery has-nested-images columns-default is-cropped wp-block-gallery-1 is-layout-flex wp-block-gallery-is-layout-flex\">\n<figure class=\"wp-block-image size-large\"><img loading=\"lazy\" decoding=\"async\" width=\"896\" height=\"598\" data-id=\"228\" src=\"https:\/\/pingwoo.fr\/wp-content\/uploads\/2025\/08\/boom-boom-vilette.jpg\" alt=\"\" class=\"wp-image-228\" srcset=\"https:\/\/pingwoo.fr\/wp-content\/uploads\/2025\/08\/boom-boom-vilette.jpg 896w, https:\/\/pingwoo.fr\/wp-content\/uploads\/2025\/08\/boom-boom-vilette-300x200.jpg 300w, https:\/\/pingwoo.fr\/wp-content\/uploads\/2025\/08\/boom-boom-vilette-768x513.jpg 768w\" sizes=\"auto, (max-width: 896px) 100vw, 896px\" \/><\/figure>\n<\/figure>\n\n\n\n<div class=\"wp-block-buttons is-layout-flex wp-block-buttons-is-layout-flex\">\n<div class=\"wp-block-button\"><a class=\"wp-block-button__link wp-element-button\" href=\"https:\/\/www.google.com\/maps\/place\/Pingwoo+caf%C3%A9-restaurant\/@48.8966098,2.388581,17z\/data=!4m14!1m7!3m6!1s0x47e66f6e91ef6853:0xf5b32ecdeaa86f2b!2sPingwoo+caf%C3%A9-restaurant!8m2!3d48.8966103!4d2.388582!16s%2Fg%2F11gm_fj4w5!3m5!1s0x47e66f6e91ef6853:0xf5b32ecdeaa86f2b!8m2!3d48.8966103!4d2.388582!16s%2Fg%2F11gm_fj4w5?entry=ttu&amp;g_ep=EgoyMDI1MDgxOS4wIKXMDSoASAFQAw%3D%3D\">See the maps<\/a><\/div>\n<\/div>\n<\/div>\n\n\n\n<div class=\"wp-block-column is-layout-flow wp-block-column-is-layout-flow\" style=\"flex-basis:66.66%\">\n<div class=\"wp-block-group is-layout-flow wp-block-group-is-layout-flow\" style=\"border-bottom-color:var(--wp--preset--color--tertiary);border-bottom-width:1px;margin-top:0;padding-top:0;padding-bottom:var(--wp--preset--spacing--30)\">\n<h4 class=\"wp-block-heading has-medium-font-size\">What types of beverages do you offer with 3D latte art?<\/h4>\n\n\n\n<p class=\"has-small-font-size\" style=\"margin-top:12px\">We offer a selection of specialty coffees, teas and hot chocolates, all decorated with our famous 3D latte art, or without (you'll have to ask for the 3d at the checkout when you come in).<\/p>\n<\/div>\n\n\n\n<div class=\"wp-block-group is-layout-flow wp-block-group-is-layout-flow\" style=\"border-bottom-color:var(--wp--preset--color--tertiary);border-bottom-width:1px;margin-top:0;padding-top:var(--wp--preset--spacing--30);padding-bottom:var(--wp--preset--spacing--30)\">\n<h4 class=\"wp-block-heading has-medium-font-size\">Do you have options for halal and vegetarian diets?<\/h4>\n\n\n\n<p class=\"has-small-font-size\" style=\"margin-top:12px\">Yes, our menu includes halal dishes and drinks as well as tasty vegetarian options.<\/p>\n<\/div>\n\n\n\n<div class=\"wp-block-group is-layout-flow wp-block-group-is-layout-flow\" style=\"border-bottom-color:var(--wp--preset--color--tertiary);border-bottom-width:1px;margin-top:0;padding-top:var(--wp--preset--spacing--30);padding-bottom:var(--wp--preset--spacing--30)\">\n<h4 class=\"wp-block-heading has-medium-font-size\">Where exactly is Pingwoo in the 19\u1d49 arrondissement?<\/h4>\n\n\n\n<p class=\"has-small-font-size\" style=\"margin-top:12px\">We are located in the heart of the Boom Boom Villette foodmarket, accessible via metro line 7 sation porte de la villette or line 5 station porte de pantin. T3B streetcar available at porte de la vilette station or by car parking indigo at 56 boulevard macdonald 75019 Paris.<\/p>\n\n\n\n<p><\/p>\n<\/div>\n\n\n\n<div class=\"wp-block-group is-layout-flow wp-block-group-is-layout-flow\" style=\"margin-top:0;padding-top:var(--wp--preset--spacing--30);padding-bottom:0\">\n<h4 class=\"wp-block-heading has-medium-font-size\">Can I reserve a table for a special event?<\/h4>\n\n\n\n<p class=\"has-small-font-size\" style=\"margin-top:12px\">Absolutely, contact us to organize your private or professional events at Pingwoo.<\/p>\n<\/div>\n<\/div>\n<\/div>\n\n\n\n<div class=\"wp-block-buttons is-layout-flex wp-block-buttons-is-layout-flex\"><\/div>\n<\/div>\n\n\n\n<div class=\"wp-block-group alignfull has-tertiary-background-color has-background has-global-padding is-layout-constrained wp-container-core-group-is-layout-7276a2bb wp-block-group-is-layout-constrained\" id=\"a-propos\" style=\"margin-top:0;margin-bottom:0;padding-top:var(--wp--preset--spacing--60);padding-right:var(--wp--preset--spacing--30);padding-bottom:var(--wp--preset--spacing--60);padding-left:var(--wp--preset--spacing--30)\">\n<div class=\"wp-block-columns alignwide are-vertically-aligned-center is-layout-flex wp-container-core-columns-is-layout-47c06fe3 wp-block-columns-is-layout-flex\">\n<div class=\"wp-block-column is-vertically-aligned-center is-layout-flow wp-block-column-is-layout-flow\" style=\"flex-basis:33.3%\">\n<h2 class=\"wp-block-heading has-large-font-size\">Delicious brunches with halal and vegetarian options<\/h2>\n\n\n\n<p style=\"margin-top:16px\">Discover Pingwoo's passion for unique cuisine where tradition and creativity meet, promising an unforgettable experience on every visit.<\/p>\n<\/div>\n\n\n\n<div class=\"wp-block-column is-vertically-aligned-center is-layout-flow wp-container-core-column-is-layout-f5bb311e wp-block-column-is-layout-flow\" style=\"flex-basis:50%\">\n<figure class=\"wp-block-gallery has-nested-images columns-default is-cropped wp-block-gallery-2 is-layout-flex wp-block-gallery-is-layout-flex\">\n<figure class=\"wp-block-image size-large\"><img loading=\"lazy\" decoding=\"async\" width=\"1024\" height=\"682\" data-id=\"84\" src=\"https:\/\/pingwoo.fr\/wp-content\/uploads\/2025\/08\/IMG-20240607-WA0015-1024x682.jpg\" alt=\"\" class=\"wp-image-84\" style=\"aspect-ratio:3\/4;object-fit:cover\" srcset=\"https:\/\/pingwoo.fr\/wp-content\/uploads\/2025\/08\/IMG-20240607-WA0015-1024x682.jpg 1024w, https:\/\/pingwoo.fr\/wp-content\/uploads\/2025\/08\/IMG-20240607-WA0015-300x200.jpg 300w, https:\/\/pingwoo.fr\/wp-content\/uploads\/2025\/08\/IMG-20240607-WA0015-768x512.jpg 768w, https:\/\/pingwoo.fr\/wp-content\/uploads\/2025\/08\/IMG-20240607-WA0015-1536x1023.jpg 1536w, https:\/\/pingwoo.fr\/wp-content\/uploads\/2025\/08\/IMG-20240607-WA0015.jpg 1600w\" sizes=\"auto, (max-width: 1024px) 100vw, 1024px\" \/><\/figure>\n\n\n\n<figure class=\"wp-block-image size-large\"><img loading=\"lazy\" decoding=\"async\" width=\"1024\" height=\"682\" data-id=\"72\" src=\"https:\/\/pingwoo.fr\/wp-content\/uploads\/2025\/08\/IMG_20220325_100720-1024x682.jpg\" alt=\"\" class=\"wp-image-72\" style=\"aspect-ratio:3\/4;object-fit:cover\" srcset=\"https:\/\/pingwoo.fr\/wp-content\/uploads\/2025\/08\/IMG_20220325_100720-1024x682.jpg 1024w, https:\/\/pingwoo.fr\/wp-content\/uploads\/2025\/08\/IMG_20220325_100720-300x200.jpg 300w, https:\/\/pingwoo.fr\/wp-content\/uploads\/2025\/08\/IMG_20220325_100720-768x512.jpg 768w, https:\/\/pingwoo.fr\/wp-content\/uploads\/2025\/08\/IMG_20220325_100720-1536x1023.jpg 1536w, https:\/\/pingwoo.fr\/wp-content\/uploads\/2025\/08\/IMG_20220325_100720.jpg 1600w\" sizes=\"auto, (max-width: 1024px) 100vw, 1024px\" \/><\/figure>\n<\/figure>\n<\/div>\n<\/div>\n<\/div>\n\n\n\n<div class=\"wp-block-group alignfull has-background-background-color has-background has-global-padding is-layout-constrained wp-container-core-group-is-layout-fb85e995 wp-block-group-is-layout-constrained\" id=\"temoignages\" style=\"margin-top:0;margin-bottom:0;padding-top:var(--wp--preset--spacing--60);padding-right:var(--wp--preset--spacing--30);padding-bottom:var(--wp--preset--spacing--60);padding-left:var(--wp--preset--spacing--30)\">\n<div class=\"wp-block-columns alignwide are-vertically-aligned-center is-layout-flex wp-container-core-columns-is-layout-08c01c1c wp-block-columns-is-layout-flex\">\n<div class=\"wp-block-column is-vertically-aligned-center is-layout-flow wp-block-column-is-layout-flow\" style=\"flex-basis:25%\">\n<div class=\"wp-block-group is-nowrap is-layout-flex wp-container-core-group-is-layout-3b4e9d3e wp-block-group-is-layout-flex\">\n<figure class=\"wp-block-image aligncenter is-style-rounded\"><img loading=\"lazy\" decoding=\"async\" width=\"94\" height=\"94\" class=\"wp-image-264\" src=\"https:\/\/pingwoo.fr\/wp-content\/uploads\/2025\/10\/3a5c5fbef6e833d0ea22e367654e02cf9fe310fd.jpg\" alt=\"\" style=\"aspect-ratio:1;object-fit:cover\" srcset=\"https:\/\/pingwoo.fr\/wp-content\/uploads\/2025\/10\/3a5c5fbef6e833d0ea22e367654e02cf9fe310fd.jpg 94w, https:\/\/pingwoo.fr\/wp-content\/uploads\/2025\/10\/3a5c5fbef6e833d0ea22e367654e02cf9fe310fd-12x12.jpg 12w\" sizes=\"auto, (max-width: 94px) 100vw, 94px\" \/><\/figure>\n\n\n\n<div class=\"wp-block-group has-global-padding is-layout-constrained wp-block-group-is-layout-constrained\">\n<h4 class=\"wp-block-heading\" style=\"margin-top:18px;font-size:clamp(14px, 0.875rem + ((1vw - 3.2px) * 0.417), 18px);\">Sophie Martin<\/h4>\n\n\n\n<p class=\"has-small-font-size\" style=\"margin-top:4px\">Passionate about coffee and brunch<\/p>\n<\/div>\n<\/div>\n<\/div>\n\n\n\n<div class=\"wp-block-column is-vertically-aligned-center is-layout-flow wp-block-column-is-layout-flow\" style=\"flex-basis:66.66%\">\n<p style=\"font-size:clamp(15.747px, 0.984rem + ((1vw - 3.2px) * 0.86), 24px);font-style:normal;font-weight:500;line-height:1.5\">Every visit to Pingwoo is a tasty discovery thanks to their unique 3D latte art and friendly service.<\/p>\n<\/div>\n<\/div>\n<\/div>\n\n\n\n<figure class=\"wp-block-image size-large\"><img decoding=\"async\" src=\"https:\/\/www.google.com\/maps\/place\/Pingwoo+caf%C3%A9-restaurant\/@48.8966103,2.3860071,17z\/data=!3m1!4b1!4m6!3m5!1s0x47e66f6e91ef6853:0xf5b32ecdeaa86f2b!8m2!3d48.8966103!4d2.388582!16s%2Fg%2F11gm_fj4w5?entry=ttu&amp;g_ep=EgoyMDI1MDgxOS4wIKXMDSoASAFQAw%3D%3D\" alt=\"\"\/><\/figure>","protected":false},"excerpt":{"rendered":"<p>Le rendez-vous gourmand du De PINGWOO Boom Boom Villette Trouvez ici les r\u00e9ponses claires \u00e0 vos questions sur notre caf\u00e9, menu et services. Quels types de boissons proposez-vous avec le latte art 3D ? Nous offrons une s\u00e9lection de caf\u00e9s de sp\u00e9cialit\u00e9, th\u00e9s et chocolats chauds, tous d\u00e9cor\u00e9s avec notre fameux latte art 3D ou [&hellip;]<\/p>\n","protected":false},"author":1,"featured_media":0,"parent":0,"menu_order":0,"comment_status":"closed","ping_status":"closed","template":"page-with-title","meta":{"footnotes":""},"class_list":["post-17","page","type-page","status-publish","hentry"],"_links":{"self":[{"href":"https:\/\/pingwoo.fr\/en\/wp-json\/wp\/v2\/pages\/17","targetHints":{"allow":["GET"]}}],"collection":[{"href":"https:\/\/pingwoo.fr\/en\/wp-json\/wp\/v2\/pages"}],"about":[{"href":"https:\/\/pingwoo.fr\/en\/wp-json\/wp\/v2\/types\/page"}],"author":[{"embeddable":true,"href":"https:\/\/pingwoo.fr\/en\/wp-json\/wp\/v2\/users\/1"}],"replies":[{"embeddable":true,"href":"https:\/\/pingwoo.fr\/en\/wp-json\/wp\/v2\/comments?post=17"}],"version-history":[{"count":10,"href":"https:\/\/pingwoo.fr\/en\/wp-json\/wp\/v2\/pages\/17\/revisions"}],"predecessor-version":[{"id":265,"href":"https:\/\/pingwoo.fr\/en\/wp-json\/wp\/v2\/pages\/17\/revisions\/265"}],"wp:attachment":[{"href":"https:\/\/pingwoo.fr\/en\/wp-json\/wp\/v2\/media?parent=17"}],"curies":[{"name":"wp","href":"https:\/\/api.w.org\/{rel}","templated":true}]}}