{"id":14,"date":"2025-08-14T15:03:44","date_gmt":"2025-08-14T15:03:44","guid":{"rendered":"https:\/\/pingwoo.fr\/menu\/"},"modified":"2025-10-24T03:03:50","modified_gmt":"2025-10-24T03:03:50","slug":"menu","status":"publish","type":"page","link":"https:\/\/pingwoo.fr\/en\/menu\/","title":{"rendered":"Menu"},"content":{"rendered":"<div class=\"wp-block-group alignfull has-background-background-color has-background has-global-padding is-layout-constrained wp-container-core-group-is-layout-fb85e995 wp-block-group-is-layout-constrained\" id=\"carte\" style=\"margin-top:0;margin-bottom:0;padding-top:var(--wp--preset--spacing--60);padding-right:var(--wp--preset--spacing--30);padding-bottom:var(--wp--preset--spacing--60);padding-left:var(--wp--preset--spacing--30)\">\n<div class=\"wp-block-group alignwide is-vertical is-layout-flex wp-container-core-group-is-layout-c509e09b wp-block-group-is-layout-flex\" style=\"margin-bottom:var(--wp--preset--spacing--50)\">\n<div class=\"wp-block-group alignwide has-global-padding is-content-justification-left is-layout-constrained wp-container-core-group-is-layout-8b4c372c wp-block-group-is-layout-constrained\">\n<h2 class=\"wp-block-heading has-large-font-size\">L&rsquo;exp\u00e9rience culinaire unique du Boom Boom Villette<\/h2>\n\n\n\n<p style=\"margin-top:16px\">D\u00e9couvrez nos petits d\u00e9jeuners, brunchs et caf\u00e9s de sp\u00e9cialit\u00e9, avec options halal et v\u00e9g\u00e9tariennes.<\/p>\n<\/div>\n<\/div>\n<\/div>\n\n\n\n<div class=\"wp-block-group alignfull has-tertiary-background-color has-background has-global-padding is-layout-constrained wp-block-group-is-layout-constrained\" style=\"margin-top:0;margin-bottom:0;padding-top:var(--wp--preset--spacing--60);padding-bottom:var(--wp--preset--spacing--60)\">\n<div class=\"wp-block-columns alignwide are-vertically-aligned-center is-layout-flex wp-container-core-columns-is-layout-9effc7d7 wp-block-columns-is-layout-flex\">\n<div class=\"wp-block-column is-vertically-aligned-center is-layout-flow wp-block-column-is-layout-flow\">\n<h2 class=\"wp-block-heading has-large-font-size\">Brunch-cantine savoureux et caf\u00e9s artistiques<\/h2>\n\n\n\n<p style=\"margin-top:16px\">D\u00e9couvrez nos menus exclusifs et promotions sp\u00e9ciales pour savourer nos cr\u00e9ations uniques tout en faisant des \u00e9conomies.<\/p>\n\n\n\n<div class=\"wp-block-buttons is-layout-flex wp-block-buttons-is-layout-flex\" style=\"margin-top:var(--wp--preset--spacing--40)\">\n<div class=\"wp-block-button\"><a class=\"wp-block-button__link wp-element-button\" href=\"https:\/\/pingwoo.fr\/wp-content\/uploads\/2025\/08\/Grand-menu-1.pdf\" target=\"_blank\" rel=\"noreferrer noopener\">Voir le menu boissons<\/a><\/div>\n\n\n\n<div class=\"wp-block-button\"><a class=\"wp-block-button__link wp-element-button\" href=\"https:\/\/pingwoo.fr\/wp-content\/uploads\/2025\/08\/pingwoo-menu-cantine.pdf\">Voir le menu Cantine<\/a><\/div>\n\n\n\n<div class=\"wp-block-button\"><a class=\"wp-block-button__link has-text-align-center wp-element-button\" href=\"https:\/\/pingwoo.fr\/wp-content\/uploads\/2025\/08\/menu-brunch.pdf\">Menu brunch<\/a><\/div>\n\n\n\n<div class=\"wp-block-button\"><a class=\"wp-block-button__link wp-element-button\" href=\"https:\/\/pingwoo.fr\/wp-content\/uploads\/2025\/08\/matcha-addict.pdf\">Matcha addict<\/a><\/div>\n\n\n\n<div class=\"wp-block-button\"><a class=\"wp-block-button__link wp-element-button\" href=\"https:\/\/pingwoo.fr\/wp-content\/uploads\/2025\/08\/The-1.pdf\">Sp\u00e9cial th\u00e9<\/a><\/div>\n<\/div>\n<\/div>\n\n\n\n<div class=\"wp-block-column is-vertically-aligned-center is-layout-flow wp-block-column-is-layout-flow\">\n<figure class=\"wp-block-image size-large\"><img loading=\"lazy\" decoding=\"async\" width=\"683\" height=\"1024\" src=\"https:\/\/pingwoo.fr\/wp-content\/uploads\/2025\/08\/DSCF5967_1-683x1024.jpg\" alt=\"\" class=\"wp-image-44\" style=\"aspect-ratio:4\/3;object-fit:cover\" srcset=\"https:\/\/pingwoo.fr\/wp-content\/uploads\/2025\/08\/DSCF5967_1-683x1024.jpg 683w, https:\/\/pingwoo.fr\/wp-content\/uploads\/2025\/08\/DSCF5967_1-200x300.jpg 200w, https:\/\/pingwoo.fr\/wp-content\/uploads\/2025\/08\/DSCF5967_1-768x1152.jpg 768w, https:\/\/pingwoo.fr\/wp-content\/uploads\/2025\/08\/DSCF5967_1-1024x1536.jpg 1024w, https:\/\/pingwoo.fr\/wp-content\/uploads\/2025\/08\/DSCF5967_1-1365x2048.jpg 1365w, https:\/\/pingwoo.fr\/wp-content\/uploads\/2025\/08\/DSCF5967_1-scaled.jpg 1707w\" sizes=\"auto, (max-width: 683px) 100vw, 683px\" \/><\/figure>\n<\/div>\n<\/div>\n<\/div>\n\n\n\n<div class=\"wp-block-group alignfull has-background-background-color has-background has-global-padding is-layout-constrained wp-container-core-group-is-layout-7276a2bb wp-block-group-is-layout-constrained\" id=\"galerie\" style=\"margin-top:0;margin-bottom:0;padding-top:var(--wp--preset--spacing--60);padding-right:var(--wp--preset--spacing--30);padding-bottom:var(--wp--preset--spacing--60);padding-left:var(--wp--preset--spacing--30)\">\n<div class=\"wp-block-group alignwide is-vertical is-layout-flex wp-container-core-group-is-layout-fe9cc265 wp-block-group-is-layout-flex\">\n<div class=\"wp-block-group alignwide has-global-padding is-content-justification-left is-layout-constrained wp-container-core-group-is-layout-8b4c372c wp-block-group-is-layout-constrained\"><\/div>\n<\/div>\n\n\n\n<div class=\"wp-block-columns alignwide is-layout-flex wp-container-core-columns-is-layout-28f84493 wp-block-columns-is-layout-flex\">\n<div class=\"wp-block-column is-layout-flow wp-block-column-is-layout-flow\">\n<div class=\"wp-block-cover\" style=\"min-height:100%;aspect-ratio:unset;\"><img loading=\"lazy\" decoding=\"async\" width=\"769\" height=\"1024\" class=\"wp-block-cover__image-background wp-image-64 size-large\" alt=\"\" src=\"https:\/\/pingwoo.fr\/wp-content\/uploads\/2025\/08\/PXL_20250102_200233258-769x1024.jpg\" data-object-fit=\"cover\" srcset=\"https:\/\/pingwoo.fr\/wp-content\/uploads\/2025\/08\/PXL_20250102_200233258-769x1024.jpg 769w, https:\/\/pingwoo.fr\/wp-content\/uploads\/2025\/08\/PXL_20250102_200233258-225x300.jpg 225w, https:\/\/pingwoo.fr\/wp-content\/uploads\/2025\/08\/PXL_20250102_200233258-768x1023.jpg 768w, https:\/\/pingwoo.fr\/wp-content\/uploads\/2025\/08\/PXL_20250102_200233258-1153x1536.jpg 1153w, https:\/\/pingwoo.fr\/wp-content\/uploads\/2025\/08\/PXL_20250102_200233258-1538x2048.jpg 1538w, https:\/\/pingwoo.fr\/wp-content\/uploads\/2025\/08\/PXL_20250102_200233258-scaled.jpg 1922w\" sizes=\"auto, (max-width: 769px) 100vw, 769px\" \/><span aria-hidden=\"true\" class=\"wp-block-cover__background has-background-dim-0 has-background-dim\" style=\"background-color:#897a78\"><\/span><div class=\"wp-block-cover__inner-container is-layout-flow wp-block-cover-is-layout-flow\">\n<div style=\"height:380px\" aria-hidden=\"true\" class=\"wp-block-spacer\"><\/div>\n<\/div><\/div>\n<\/div>\n\n\n\n<div class=\"wp-block-column is-layout-flow wp-container-core-column-is-layout-f5bb311e wp-block-column-is-layout-flow\">\n<figure class=\"wp-block-image size-large ext-aspect-landscape\"><img loading=\"lazy\" decoding=\"async\" width=\"1024\" height=\"683\" src=\"https:\/\/pingwoo.fr\/wp-content\/uploads\/2025\/08\/IMG-20211215-WA0063-1024x683.jpg\" alt=\"\" class=\"wp-image-88\" style=\"aspect-ratio:16\/9;object-fit:cover\" srcset=\"https:\/\/pingwoo.fr\/wp-content\/uploads\/2025\/08\/IMG-20211215-WA0063-1024x683.jpg 1024w, https:\/\/pingwoo.fr\/wp-content\/uploads\/2025\/08\/IMG-20211215-WA0063-300x200.jpg 300w, https:\/\/pingwoo.fr\/wp-content\/uploads\/2025\/08\/IMG-20211215-WA0063-768x512.jpg 768w, https:\/\/pingwoo.fr\/wp-content\/uploads\/2025\/08\/IMG-20211215-WA0063-1536x1024.jpg 1536w, https:\/\/pingwoo.fr\/wp-content\/uploads\/2025\/08\/IMG-20211215-WA0063.jpg 1776w\" sizes=\"auto, (max-width: 1024px) 100vw, 1024px\" \/><\/figure>\n\n\n\n<figure class=\"wp-block-image size-large ext-aspect-landscape\"><img loading=\"lazy\" decoding=\"async\" width=\"1024\" height=\"682\" src=\"https:\/\/pingwoo.fr\/wp-content\/uploads\/2025\/08\/IMG-20241210-WA0001-1024x682.jpg\" alt=\"\" class=\"wp-image-77\" style=\"aspect-ratio:16\/9;object-fit:cover\" srcset=\"https:\/\/pingwoo.fr\/wp-content\/uploads\/2025\/08\/IMG-20241210-WA0001-1024x682.jpg 1024w, https:\/\/pingwoo.fr\/wp-content\/uploads\/2025\/08\/IMG-20241210-WA0001-300x200.jpg 300w, https:\/\/pingwoo.fr\/wp-content\/uploads\/2025\/08\/IMG-20241210-WA0001-768x512.jpg 768w, https:\/\/pingwoo.fr\/wp-content\/uploads\/2025\/08\/IMG-20241210-WA0001-1536x1023.jpg 1536w, https:\/\/pingwoo.fr\/wp-content\/uploads\/2025\/08\/IMG-20241210-WA0001.jpg 1600w\" sizes=\"auto, (max-width: 1024px) 100vw, 1024px\" \/><\/figure>\n<\/div>\n<\/div>\n<\/div>","protected":false},"excerpt":{"rendered":"<p>L&rsquo;exp\u00e9rience culinaire unique du Boom Boom Villette D\u00e9couvrez nos petits d\u00e9jeuners, brunchs et caf\u00e9s de sp\u00e9cialit\u00e9, avec options halal et v\u00e9g\u00e9tariennes. Brunch-cantine savoureux et caf\u00e9s artistiques D\u00e9couvrez nos menus exclusifs et promotions sp\u00e9ciales pour savourer nos cr\u00e9ations uniques tout en faisant des \u00e9conomies.<\/p>","protected":false},"author":1,"featured_media":0,"parent":0,"menu_order":0,"comment_status":"closed","ping_status":"closed","template":"page-with-title","meta":{"footnotes":""},"class_list":["post-14","page","type-page","status-publish","hentry"],"_links":{"self":[{"href":"https:\/\/pingwoo.fr\/en\/wp-json\/wp\/v2\/pages\/14","targetHints":{"allow":["GET"]}}],"collection":[{"href":"https:\/\/pingwoo.fr\/en\/wp-json\/wp\/v2\/pages"}],"about":[{"href":"https:\/\/pingwoo.fr\/en\/wp-json\/wp\/v2\/types\/page"}],"author":[{"embeddable":true,"href":"https:\/\/pingwoo.fr\/en\/wp-json\/wp\/v2\/users\/1"}],"replies":[{"embeddable":true,"href":"https:\/\/pingwoo.fr\/en\/wp-json\/wp\/v2\/comments?post=14"}],"version-history":[{"count":16,"href":"https:\/\/pingwoo.fr\/en\/wp-json\/wp\/v2\/pages\/14\/revisions"}],"predecessor-version":[{"id":263,"href":"https:\/\/pingwoo.fr\/en\/wp-json\/wp\/v2\/pages\/14\/revisions\/263"}],"wp:attachment":[{"href":"https:\/\/pingwoo.fr\/en\/wp-json\/wp\/v2\/media?parent=14"}],"curies":[{"name":"wp","href":"https:\/\/api.w.org\/{rel}","templated":true}]}}