{"id":13,"date":"2025-08-14T15:03:44","date_gmt":"2025-08-14T15:03:44","guid":{"rendered":"https:\/\/pingwoo.fr\/galerie\/"},"modified":"2025-10-24T03:03:50","modified_gmt":"2025-10-24T03:03:50","slug":"galerie","status":"publish","type":"page","link":"https:\/\/pingwoo.fr\/en\/galerie\/","title":{"rendered":"Gallery"},"content":{"rendered":"<div class=\"wp-block-group alignfull has-background-background-color has-background has-global-padding is-layout-constrained wp-container-core-group-is-layout-7276a2bb wp-block-group-is-layout-constrained\" id=\"galerie\" style=\"margin-top:0;margin-bottom:0;padding-top:var(--wp--preset--spacing--60);padding-right:var(--wp--preset--spacing--30);padding-bottom:var(--wp--preset--spacing--60);padding-left:var(--wp--preset--spacing--30)\">\n<div class=\"wp-block-group alignwide is-vertical is-layout-flex wp-container-core-group-is-layout-fe9cc265 wp-block-group-is-layout-flex\">\n<div class=\"wp-block-group has-global-padding is-layout-constrained wp-block-group-is-layout-constrained\">\n<h2 class=\"wp-block-heading has-large-font-size\">Unique brunches with 3D latte art<\/h2>\n\n\n\n<p style=\"margin-top:16px\">Discover here our gallery illustrating Pingwoo's warm atmosphere and original creations.<\/p>\n<\/div>\n<\/div>\n\n\n\n<figure class=\"wp-block-gallery alignwide has-nested-images columns-default is-cropped wp-block-gallery-1 is-layout-flex wp-block-gallery-is-layout-flex\">\n<figure data-wp-context=\"{&quot;imageId&quot;:&quot;69e4ab89c3e01&quot;}\" data-wp-interactive=\"core\/image\" data-wp-key=\"69e4ab89c3e01\" class=\"wp-block-image size-large wp-lightbox-container\"><img loading=\"lazy\" decoding=\"async\" width=\"1024\" height=\"682\" data-wp-class--hide=\"state.isContentHidden\" data-wp-class--show=\"state.isContentVisible\" data-wp-init=\"callbacks.setButtonStyles\" data-wp-on--click=\"actions.showLightbox\" data-wp-on--load=\"callbacks.setButtonStyles\" data-wp-on-window--resize=\"callbacks.setButtonStyles\" data-id=\"85\" src=\"https:\/\/pingwoo.fr\/wp-content\/uploads\/2025\/08\/IMG-20240607-WA0014-1024x682.jpg\" alt=\"\" class=\"wp-image-85\" srcset=\"https:\/\/pingwoo.fr\/wp-content\/uploads\/2025\/08\/IMG-20240607-WA0014-1024x682.jpg 1024w, https:\/\/pingwoo.fr\/wp-content\/uploads\/2025\/08\/IMG-20240607-WA0014-300x200.jpg 300w, https:\/\/pingwoo.fr\/wp-content\/uploads\/2025\/08\/IMG-20240607-WA0014-768x512.jpg 768w, https:\/\/pingwoo.fr\/wp-content\/uploads\/2025\/08\/IMG-20240607-WA0014-1536x1023.jpg 1536w, https:\/\/pingwoo.fr\/wp-content\/uploads\/2025\/08\/IMG-20240607-WA0014.jpg 1600w\" sizes=\"auto, (max-width: 1024px) 100vw, 1024px\" \/><button\n\t\t\tclass=\"lightbox-trigger\"\n\t\t\ttype=\"button\"\n\t\t\taria-haspopup=\"dialog\"\n\t\t\taria-label=\"Enlarge\"\n\t\t\tdata-wp-init=\"callbacks.initTriggerButton\"\n\t\t\tdata-wp-on--click=\"actions.showLightbox\"\n\t\t\tdata-wp-style--right=\"state.imageButtonRight\"\n\t\t\tdata-wp-style--top=\"state.imageButtonTop\"\n\t\t>\n\t\t\t<svg xmlns=\"http:\/\/www.w3.org\/2000\/svg\" width=\"12\" height=\"12\" fill=\"none\" viewbox=\"0 0 12 12\">\n\t\t\t\t<path fill=\"#fff\" d=\"M2 0a2 2 0 0 0-2 2v2h1.5V2a.5.5 0 0 1 .5-.5h2V0H2Zm2 10.5H2a.5.5 0 0 1-.5-.5V8H0v2a2 2 0 0 0 2 2h2v-1.5ZM8 12v-1.5h2a.5.5 0 0 0 .5-.5V8H12v2a2 2 0 0 1-2 2H8Zm2-12a2 2 0 0 1 2 2v2h-1.5V2a.5.5 0 0 0-.5-.5H8V0h2Z\" \/>\n\t\t\t<\/svg>\n\t\t<\/button><\/figure>\n\n\n\n<figure data-wp-context=\"{&quot;imageId&quot;:&quot;69e4ab89c43b8&quot;}\" data-wp-interactive=\"core\/image\" data-wp-key=\"69e4ab89c43b8\" class=\"wp-block-image size-large wp-lightbox-container\"><img loading=\"lazy\" decoding=\"async\" width=\"1024\" height=\"683\" data-wp-class--hide=\"state.isContentHidden\" data-wp-class--show=\"state.isContentVisible\" data-wp-init=\"callbacks.setButtonStyles\" data-wp-on--click=\"actions.showLightbox\" data-wp-on--load=\"callbacks.setButtonStyles\" data-wp-on-window--resize=\"callbacks.setButtonStyles\" data-id=\"89\" src=\"https:\/\/pingwoo.fr\/wp-content\/uploads\/2025\/08\/IMG-20240313-WA0059-1024x683.jpg\" alt=\"\" class=\"wp-image-89\" srcset=\"https:\/\/pingwoo.fr\/wp-content\/uploads\/2025\/08\/IMG-20240313-WA0059-1024x683.jpg 1024w, https:\/\/pingwoo.fr\/wp-content\/uploads\/2025\/08\/IMG-20240313-WA0059-300x200.jpg 300w, https:\/\/pingwoo.fr\/wp-content\/uploads\/2025\/08\/IMG-20240313-WA0059-768x512.jpg 768w, https:\/\/pingwoo.fr\/wp-content\/uploads\/2025\/08\/IMG-20240313-WA0059-1536x1024.jpg 1536w, https:\/\/pingwoo.fr\/wp-content\/uploads\/2025\/08\/IMG-20240313-WA0059.jpg 1776w\" sizes=\"auto, (max-width: 1024px) 100vw, 1024px\" \/><button\n\t\t\tclass=\"lightbox-trigger\"\n\t\t\ttype=\"button\"\n\t\t\taria-haspopup=\"dialog\"\n\t\t\taria-label=\"Enlarge\"\n\t\t\tdata-wp-init=\"callbacks.initTriggerButton\"\n\t\t\tdata-wp-on--click=\"actions.showLightbox\"\n\t\t\tdata-wp-style--right=\"state.imageButtonRight\"\n\t\t\tdata-wp-style--top=\"state.imageButtonTop\"\n\t\t>\n\t\t\t<svg xmlns=\"http:\/\/www.w3.org\/2000\/svg\" width=\"12\" height=\"12\" fill=\"none\" viewbox=\"0 0 12 12\">\n\t\t\t\t<path fill=\"#fff\" d=\"M2 0a2 2 0 0 0-2 2v2h1.5V2a.5.5 0 0 1 .5-.5h2V0H2Zm2 10.5H2a.5.5 0 0 1-.5-.5V8H0v2a2 2 0 0 0 2 2h2v-1.5ZM8 12v-1.5h2a.5.5 0 0 0 .5-.5V8H12v2a2 2 0 0 1-2 2H8Zm2-12a2 2 0 0 1 2 2v2h-1.5V2a.5.5 0 0 0-.5-.5H8V0h2Z\" \/>\n\t\t\t<\/svg>\n\t\t<\/button><\/figure>\n\n\n\n<figure data-wp-context=\"{&quot;imageId&quot;:&quot;69e4ab89c4875&quot;}\" data-wp-interactive=\"core\/image\" data-wp-key=\"69e4ab89c4875\" class=\"wp-block-image size-large wp-lightbox-container\"><img loading=\"lazy\" decoding=\"async\" width=\"1024\" height=\"682\" data-wp-class--hide=\"state.isContentHidden\" data-wp-class--show=\"state.isContentVisible\" data-wp-init=\"callbacks.setButtonStyles\" data-wp-on--click=\"actions.showLightbox\" data-wp-on--load=\"callbacks.setButtonStyles\" data-wp-on-window--resize=\"callbacks.setButtonStyles\" data-id=\"83\" src=\"https:\/\/pingwoo.fr\/wp-content\/uploads\/2025\/08\/IMG-20240607-WA0019-1024x682.jpg\" alt=\"\" class=\"wp-image-83\" srcset=\"https:\/\/pingwoo.fr\/wp-content\/uploads\/2025\/08\/IMG-20240607-WA0019-1024x682.jpg 1024w, https:\/\/pingwoo.fr\/wp-content\/uploads\/2025\/08\/IMG-20240607-WA0019-300x200.jpg 300w, https:\/\/pingwoo.fr\/wp-content\/uploads\/2025\/08\/IMG-20240607-WA0019-768x512.jpg 768w, https:\/\/pingwoo.fr\/wp-content\/uploads\/2025\/08\/IMG-20240607-WA0019-1536x1023.jpg 1536w, https:\/\/pingwoo.fr\/wp-content\/uploads\/2025\/08\/IMG-20240607-WA0019.jpg 1600w\" sizes=\"auto, (max-width: 1024px) 100vw, 1024px\" \/><button\n\t\t\tclass=\"lightbox-trigger\"\n\t\t\ttype=\"button\"\n\t\t\taria-haspopup=\"dialog\"\n\t\t\taria-label=\"Enlarge\"\n\t\t\tdata-wp-init=\"callbacks.initTriggerButton\"\n\t\t\tdata-wp-on--click=\"actions.showLightbox\"\n\t\t\tdata-wp-style--right=\"state.imageButtonRight\"\n\t\t\tdata-wp-style--top=\"state.imageButtonTop\"\n\t\t>\n\t\t\t<svg xmlns=\"http:\/\/www.w3.org\/2000\/svg\" width=\"12\" height=\"12\" fill=\"none\" viewbox=\"0 0 12 12\">\n\t\t\t\t<path fill=\"#fff\" d=\"M2 0a2 2 0 0 0-2 2v2h1.5V2a.5.5 0 0 1 .5-.5h2V0H2Zm2 10.5H2a.5.5 0 0 1-.5-.5V8H0v2a2 2 0 0 0 2 2h2v-1.5ZM8 12v-1.5h2a.5.5 0 0 0 .5-.5V8H12v2a2 2 0 0 1-2 2H8Zm2-12a2 2 0 0 1 2 2v2h-1.5V2a.5.5 0 0 0-.5-.5H8V0h2Z\" \/>\n\t\t\t<\/svg>\n\t\t<\/button><\/figure>\n\n\n\n<figure data-wp-context=\"{&quot;imageId&quot;:&quot;69e4ab89c4c52&quot;}\" data-wp-interactive=\"core\/image\" data-wp-key=\"69e4ab89c4c52\" class=\"wp-block-image size-large wp-lightbox-container\"><img loading=\"lazy\" decoding=\"async\" width=\"768\" height=\"1024\" data-wp-class--hide=\"state.isContentHidden\" data-wp-class--show=\"state.isContentVisible\" data-wp-init=\"callbacks.setButtonStyles\" data-wp-on--click=\"actions.showLightbox\" data-wp-on--load=\"callbacks.setButtonStyles\" data-wp-on-window--resize=\"callbacks.setButtonStyles\" data-id=\"79\" src=\"https:\/\/pingwoo.fr\/wp-content\/uploads\/2025\/08\/IMG-20240923-WA00352-768x1024.jpg\" alt=\"\" class=\"wp-image-79\" srcset=\"https:\/\/pingwoo.fr\/wp-content\/uploads\/2025\/08\/IMG-20240923-WA00352-768x1024.jpg 768w, https:\/\/pingwoo.fr\/wp-content\/uploads\/2025\/08\/IMG-20240923-WA00352-225x300.jpg 225w, https:\/\/pingwoo.fr\/wp-content\/uploads\/2025\/08\/IMG-20240923-WA00352-1152x1536.jpg 1152w, https:\/\/pingwoo.fr\/wp-content\/uploads\/2025\/08\/IMG-20240923-WA00352.jpg 1536w\" sizes=\"auto, (max-width: 768px) 100vw, 768px\" \/><button\n\t\t\tclass=\"lightbox-trigger\"\n\t\t\ttype=\"button\"\n\t\t\taria-haspopup=\"dialog\"\n\t\t\taria-label=\"Enlarge\"\n\t\t\tdata-wp-init=\"callbacks.initTriggerButton\"\n\t\t\tdata-wp-on--click=\"actions.showLightbox\"\n\t\t\tdata-wp-style--right=\"state.imageButtonRight\"\n\t\t\tdata-wp-style--top=\"state.imageButtonTop\"\n\t\t>\n\t\t\t<svg xmlns=\"http:\/\/www.w3.org\/2000\/svg\" width=\"12\" height=\"12\" fill=\"none\" viewbox=\"0 0 12 12\">\n\t\t\t\t<path fill=\"#fff\" d=\"M2 0a2 2 0 0 0-2 2v2h1.5V2a.5.5 0 0 1 .5-.5h2V0H2Zm2 10.5H2a.5.5 0 0 1-.5-.5V8H0v2a2 2 0 0 0 2 2h2v-1.5ZM8 12v-1.5h2a.5.5 0 0 0 .5-.5V8H12v2a2 2 0 0 1-2 2H8Zm2-12a2 2 0 0 1 2 2v2h-1.5V2a.5.5 0 0 0-.5-.5H8V0h2Z\" \/>\n\t\t\t<\/svg>\n\t\t<\/button><\/figure>\n\n\n\n<figure data-wp-context=\"{&quot;imageId&quot;:&quot;69e4ab89c5033&quot;}\" data-wp-interactive=\"core\/image\" data-wp-key=\"69e4ab89c5033\" class=\"wp-block-image size-large wp-lightbox-container\"><img loading=\"lazy\" decoding=\"async\" width=\"683\" height=\"1024\" data-wp-class--hide=\"state.isContentHidden\" data-wp-class--show=\"state.isContentVisible\" data-wp-init=\"callbacks.setButtonStyles\" data-wp-on--click=\"actions.showLightbox\" data-wp-on--load=\"callbacks.setButtonStyles\" data-wp-on-window--resize=\"callbacks.setButtonStyles\" data-id=\"42\" src=\"https:\/\/pingwoo.fr\/wp-content\/uploads\/2025\/08\/DSCF6020_1-683x1024.jpg\" alt=\"\" class=\"wp-image-42\" srcset=\"https:\/\/pingwoo.fr\/wp-content\/uploads\/2025\/08\/DSCF6020_1-683x1024.jpg 683w, https:\/\/pingwoo.fr\/wp-content\/uploads\/2025\/08\/DSCF6020_1-200x300.jpg 200w, https:\/\/pingwoo.fr\/wp-content\/uploads\/2025\/08\/DSCF6020_1-768x1152.jpg 768w, https:\/\/pingwoo.fr\/wp-content\/uploads\/2025\/08\/DSCF6020_1-1024x1536.jpg 1024w, https:\/\/pingwoo.fr\/wp-content\/uploads\/2025\/08\/DSCF6020_1-1365x2048.jpg 1365w, https:\/\/pingwoo.fr\/wp-content\/uploads\/2025\/08\/DSCF6020_1-scaled.jpg 1707w\" sizes=\"auto, (max-width: 683px) 100vw, 683px\" \/><button\n\t\t\tclass=\"lightbox-trigger\"\n\t\t\ttype=\"button\"\n\t\t\taria-haspopup=\"dialog\"\n\t\t\taria-label=\"Enlarge\"\n\t\t\tdata-wp-init=\"callbacks.initTriggerButton\"\n\t\t\tdata-wp-on--click=\"actions.showLightbox\"\n\t\t\tdata-wp-style--right=\"state.imageButtonRight\"\n\t\t\tdata-wp-style--top=\"state.imageButtonTop\"\n\t\t>\n\t\t\t<svg xmlns=\"http:\/\/www.w3.org\/2000\/svg\" width=\"12\" height=\"12\" fill=\"none\" viewbox=\"0 0 12 12\">\n\t\t\t\t<path fill=\"#fff\" d=\"M2 0a2 2 0 0 0-2 2v2h1.5V2a.5.5 0 0 1 .5-.5h2V0H2Zm2 10.5H2a.5.5 0 0 1-.5-.5V8H0v2a2 2 0 0 0 2 2h2v-1.5ZM8 12v-1.5h2a.5.5 0 0 0 .5-.5V8H12v2a2 2 0 0 1-2 2H8Zm2-12a2 2 0 0 1 2 2v2h-1.5V2a.5.5 0 0 0-.5-.5H8V0h2Z\" \/>\n\t\t\t<\/svg>\n\t\t<\/button><\/figure>\n\n\n\n<figure data-wp-context=\"{&quot;imageId&quot;:&quot;69e4ab89c54ea&quot;}\" data-wp-interactive=\"core\/image\" data-wp-key=\"69e4ab89c54ea\" class=\"wp-block-image size-large wp-lightbox-container\"><img loading=\"lazy\" decoding=\"async\" width=\"683\" height=\"1024\" data-wp-class--hide=\"state.isContentHidden\" data-wp-class--show=\"state.isContentVisible\" data-wp-init=\"callbacks.setButtonStyles\" data-wp-on--click=\"actions.showLightbox\" data-wp-on--load=\"callbacks.setButtonStyles\" data-wp-on-window--resize=\"callbacks.setButtonStyles\" data-id=\"36\" src=\"https:\/\/pingwoo.fr\/wp-content\/uploads\/2025\/08\/DSCF6124_1-683x1024.jpg\" alt=\"\" class=\"wp-image-36\" srcset=\"https:\/\/pingwoo.fr\/wp-content\/uploads\/2025\/08\/DSCF6124_1-683x1024.jpg 683w, https:\/\/pingwoo.fr\/wp-content\/uploads\/2025\/08\/DSCF6124_1-200x300.jpg 200w, https:\/\/pingwoo.fr\/wp-content\/uploads\/2025\/08\/DSCF6124_1-768x1152.jpg 768w, https:\/\/pingwoo.fr\/wp-content\/uploads\/2025\/08\/DSCF6124_1-1024x1536.jpg 1024w, https:\/\/pingwoo.fr\/wp-content\/uploads\/2025\/08\/DSCF6124_1-1365x2048.jpg 1365w, https:\/\/pingwoo.fr\/wp-content\/uploads\/2025\/08\/DSCF6124_1-scaled.jpg 1707w\" sizes=\"auto, (max-width: 683px) 100vw, 683px\" \/><button\n\t\t\tclass=\"lightbox-trigger\"\n\t\t\ttype=\"button\"\n\t\t\taria-haspopup=\"dialog\"\n\t\t\taria-label=\"Enlarge\"\n\t\t\tdata-wp-init=\"callbacks.initTriggerButton\"\n\t\t\tdata-wp-on--click=\"actions.showLightbox\"\n\t\t\tdata-wp-style--right=\"state.imageButtonRight\"\n\t\t\tdata-wp-style--top=\"state.imageButtonTop\"\n\t\t>\n\t\t\t<svg xmlns=\"http:\/\/www.w3.org\/2000\/svg\" width=\"12\" height=\"12\" fill=\"none\" viewbox=\"0 0 12 12\">\n\t\t\t\t<path fill=\"#fff\" d=\"M2 0a2 2 0 0 0-2 2v2h1.5V2a.5.5 0 0 1 .5-.5h2V0H2Zm2 10.5H2a.5.5 0 0 1-.5-.5V8H0v2a2 2 0 0 0 2 2h2v-1.5ZM8 12v-1.5h2a.5.5 0 0 0 .5-.5V8H12v2a2 2 0 0 1-2 2H8Zm2-12a2 2 0 0 1 2 2v2h-1.5V2a.5.5 0 0 0-.5-.5H8V0h2Z\" \/>\n\t\t\t<\/svg>\n\t\t<\/button><\/figure>\n<\/figure>\n<\/div>\n\n\n\n<div class=\"wp-block-group alignfull has-tertiary-background-color has-background has-global-padding is-layout-constrained wp-container-core-group-is-layout-7276a2bb wp-block-group-is-layout-constrained\" id=\"a-propos\" style=\"margin-top:0;margin-bottom:0;padding-top:var(--wp--preset--spacing--60);padding-right:var(--wp--preset--spacing--30);padding-bottom:var(--wp--preset--spacing--60);padding-left:var(--wp--preset--spacing--30)\">\n<div class=\"wp-block-columns alignwide is-layout-flex wp-container-core-columns-is-layout-47c06fe3 wp-block-columns-is-layout-flex\">\n<div class=\"wp-block-column is-layout-flow wp-block-column-is-layout-flow\" style=\"flex-basis:50%\">\n<h2 class=\"wp-block-heading has-large-font-size\">Visual gallery of our 3D latte art creations<\/h2>\n<\/div>\n\n\n\n<div class=\"wp-block-column is-layout-flow wp-container-core-column-is-layout-f5bb311e wp-block-column-is-layout-flow\" style=\"flex-basis:50%\">\n<p>D\u00e9couvrez l&rsquo;univers de Pingwoo le coffee shop, un lieu vibrant au Boom Boom Villette \u00e0 Paris 19eme, o\u00f9 chaque latte art raconte une histoire entre saveurs halal, options v\u00e9g\u00e9tariennes et moments conviviaux.<\/p>\n\n\n\n<p>Explore our unique services, from tasty brunches to artistically decorated caf\u00e9s, for an unforgettable experience.<\/p>\n<\/div>\n<\/div>\n<\/div>\n\n\n\n<div class=\"wp-block-group alignfull has-background-background-color has-background has-global-padding is-layout-constrained wp-container-core-group-is-layout-fb85e995 wp-block-group-is-layout-constrained\" id=\"temoignages\" style=\"margin-top:0;margin-bottom:0;padding-top:var(--wp--preset--spacing--60);padding-right:var(--wp--preset--spacing--30);padding-bottom:var(--wp--preset--spacing--60);padding-left:var(--wp--preset--spacing--30)\">\n<div class=\"wp-block-group alignwide is-vertical is-layout-flex wp-container-core-group-is-layout-fe9cc265 wp-block-group-is-layout-flex\"><\/div>\n\n\n\n<div class=\"wp-block-columns alignwide is-layout-flex wp-container-core-columns-is-layout-28f84493 wp-block-columns-is-layout-flex\">\n<div class=\"wp-block-column is-layout-flow wp-block-column-is-layout-flow\"><\/div>\n\n\n\n<div class=\"wp-block-column is-layout-flow wp-block-column-is-layout-flow\"><\/div>\n<\/div>\n<\/div>","protected":false},"excerpt":{"rendered":"<p>Brunchs uniques avec art latte 3D D\u00e9couvrez ici notre galerie illustrant l&rsquo;atmosph\u00e8re chaleureuse et les cr\u00e9ations originales de Pingwoo. Galerie visuelle de nos cr\u00e9ations 3D latte art D\u00e9couvrez l&rsquo;univers de Pingwoo le coffee shop, un lieu vibrant au Boom Boom Villette \u00e0 Paris 19eme, o\u00f9 chaque latte art raconte une histoire entre saveurs halal, options [&hellip;]<\/p>\n","protected":false},"author":1,"featured_media":0,"parent":0,"menu_order":0,"comment_status":"closed","ping_status":"closed","template":"page-with-title","meta":{"footnotes":""},"class_list":["post-13","page","type-page","status-publish","hentry"],"_links":{"self":[{"href":"https:\/\/pingwoo.fr\/en\/wp-json\/wp\/v2\/pages\/13","targetHints":{"allow":["GET"]}}],"collection":[{"href":"https:\/\/pingwoo.fr\/en\/wp-json\/wp\/v2\/pages"}],"about":[{"href":"https:\/\/pingwoo.fr\/en\/wp-json\/wp\/v2\/types\/page"}],"author":[{"embeddable":true,"href":"https:\/\/pingwoo.fr\/en\/wp-json\/wp\/v2\/users\/1"}],"replies":[{"embeddable":true,"href":"https:\/\/pingwoo.fr\/en\/wp-json\/wp\/v2\/comments?post=13"}],"version-history":[{"count":5,"href":"https:\/\/pingwoo.fr\/en\/wp-json\/wp\/v2\/pages\/13\/revisions"}],"predecessor-version":[{"id":262,"href":"https:\/\/pingwoo.fr\/en\/wp-json\/wp\/v2\/pages\/13\/revisions\/262"}],"wp:attachment":[{"href":"https:\/\/pingwoo.fr\/en\/wp-json\/wp\/v2\/media?parent=13"}],"curies":[{"name":"wp","href":"https:\/\/api.w.org\/{rel}","templated":true}]}}